{"id":1593,"date":"2017-12-25T11:54:23","date_gmt":"2017-12-25T11:54:23","guid":{"rendered":"https:\/\/www.nazcityhoteltaksim.com.tr\/iletisim\/"},"modified":"2019-07-04T11:49:06","modified_gmt":"2019-07-04T11:49:06","slug":"kontakt","status":"publish","type":"page","link":"https:\/\/www.nazcityhoteltaksim.com.tr\/de\/kontakt\/","title":{"rendered":"Kontakt"},"content":{"rendered":"<div class=\"wpb-content-wrapper\"><p>[vc_row full_width=&#8220;stretch_row_content_no_spaces&#8220; css=&#8220;.vc_custom_1520583473990{background-color: #ffffff !important;}&#8220;][vc_column width=&#8220;1\/2&#8243;][vc_column_text css=&#8220;.vc_custom_1520584751512{padding-top: 50px !important;padding-right: 100px !important;padding-left: 40px !important;}&#8220;]<\/p>\n<div class=\"widget-contact-info\">\n<ul>\n<li>\n<h5>Naz City Hotel Taksim<\/h5>\n<ul>\n<li>Kocatepe Mah. Irmak Cad. No : 44\/46 Beyo\u011flu &#8211; \u0130stanbul Naz City Hotel Taksim<\/li>\n<li>Telefon: <a href=\"tel:00902123138100\">0212 313 81 00<\/a><\/li>\n<li><a href=\"mailto:info@nazcityhoteltaksim.com.tr\">info@nazcityhoteltaksim.com.tr<\/a><\/li>\n<\/ul>\n<\/li>\n<\/ul>\n<\/div>\n<p>[\/vc_column_text][vc_column_text css=&#8220;.vc_custom_1518766448795{padding-right: 100px !important;padding-left: 40px !important;}&#8220;]<\/p>\n<div class=\"widget-contact-info\">\n<ul>\n<li>Das Naz City Hotel Taksim befindet sich mitten in Istanbuls touristischen Zentrum, in einer besonderen Lage. Das Hotel liegt sehr nah an den wichtigsten Stadtteilen und Einkaufszentren von Istanbul wie Taksim-Platz, Istiklal Caddesi, Bosporus, L\u00fctfi K\u0131rdar Kongress- und Messepalast, Topkapi-Palast, Hagia Sophia, Blaue Moschee, Gro\u00dfer Basar, Emin\u00f6n\u00fc, Karak\u00f6y, Ni\u015fanta\u015f\u0131, Te\u015fvikiye, \u015ei\u015fli, Osmanbey und Levent. Es ist von der Flughafen Istanbul nur 32 km, und von der Flughafen Sabiha G\u00f6k\u00e7en 45 Minuten entfernt. Dar\u00fcber hinaus ist zu jeder Tageszeit, kostenlose Shuttle Service zur U-Bahn- Linie, das schnellste Verkehrssystem von Istanbul. Es liegt ca 5 Minuten Fu\u00dfweg vom U-Bahn- Haltestelle entfernt. Es gibt zu jeder Tageszeit mit private Fahrzeugen f\u00fcr Osmanbey und Taksim U-Bahn- Stationen kostenloser Shuttle Serviceleistungen.<\/li>\n<\/ul>\n<\/div>\n<p>[\/vc_column_text][\/vc_column][vc_column width=&#8220;1\/2&#8243; css=&#8220;.vc_custom_1514205080172{padding-top: 50px !important;padding-right: 50px !important;padding-left: 50px !important;}&#8220;]\n<div class=\"wpcf7 no-js\" id=\"wpcf7-f1594-o1\" lang=\"en\" dir=\"ltr\" data-wpcf7-id=\"1594\">\n<div class=\"screen-reader-response\"><p role=\"status\" aria-live=\"polite\" aria-atomic=\"true\"><\/p> <ul><\/ul><\/div>\n<form action=\"\/de\/wp-json\/wp\/v2\/pages\/1593#wpcf7-f1594-o1\" method=\"post\" class=\"wpcf7-form init\" aria-label=\"Kontaktformular\" novalidate=\"novalidate\" data-status=\"init\">\n<fieldset class=\"hidden-fields-container\"><input type=\"hidden\" name=\"_wpcf7\" value=\"1594\" \/><input type=\"hidden\" name=\"_wpcf7_version\" value=\"6.1.2\" \/><input type=\"hidden\" name=\"_wpcf7_locale\" value=\"en\" \/><input type=\"hidden\" name=\"_wpcf7_unit_tag\" value=\"wpcf7-f1594-o1\" \/><input type=\"hidden\" name=\"_wpcf7_container_post\" value=\"0\" \/><input type=\"hidden\" name=\"_wpcf7_posted_data_hash\" value=\"\" \/>\n<\/fieldset>\n<div class='widget-contact-form'>\n\t<fieldset>\n\t\t<legend>\n\t\t\t<h5>KONTAKT:\n\t\t\t<\/h5>\n\t\t<\/legend>\n\t\t<p>Kontaktieren Sie uns.\n\t\t<\/p>\n\t\t<p><label><span class=\"wpcf7-form-control-wrap\" data-name=\"your-name\"><input size=\"40\" maxlength=\"400\" class=\"wpcf7-form-control wpcf7-text wpcf7-validates-as-required\" aria-required=\"true\" aria-invalid=\"false\" placeholder=\"Vorname und Nachname\" value=\"\" type=\"text\" name=\"your-name\" \/><\/span> <\/label>\n\t\t<\/p>\n\t\t<p><label><span class=\"wpcf7-form-control-wrap\" data-name=\"your-email\"><input size=\"40\" maxlength=\"400\" class=\"wpcf7-form-control wpcf7-email wpcf7-validates-as-required wpcf7-text wpcf7-validates-as-email\" aria-required=\"true\" aria-invalid=\"false\" placeholder=\"E-Mail-Adresse\" value=\"\" type=\"email\" name=\"your-email\" \/><\/span> <\/label>\n\t\t<\/p>\n\t\t<p><label><span class=\"wpcf7-form-control-wrap\" data-name=\"your-message\"><textarea cols=\"40\" rows=\"10\" maxlength=\"2000\" class=\"wpcf7-form-control wpcf7-textarea\" aria-invalid=\"false\" placeholder=\"Nachricht\" name=\"your-message\"><\/textarea><\/span> <\/label>\n\t\t<\/p>\n\t\t<p><label><span class=\"wpcf7-form-control-wrap\" data-name=\"check\"><span class=\"wpcf7-form-control wpcf7-checkbox wpcf7-validates-as-required\"><span class=\"wpcf7-list-item first last\"><input type=\"checkbox\" name=\"check[]\" value=\"Ich akzeptiere neue Nutzungsbedingungen.\" \/><span class=\"wpcf7-list-item-label\">Ich akzeptiere neue Nutzungsbedingungen.<\/span><\/span><\/span><\/span><\/label>\n\t\t<\/p>\n\t\t<p><input type=\"submit\" value=\"Absenden\" class=\"wpcf7-form-control wpcf7-submit btn\" \/>\n\t\t<\/p>\n\t<\/fieldset>\n<\/div><div class=\"wpcf7-response-output\" aria-hidden=\"true\"><\/div>\n<\/form>\n<\/div>\n[\/vc_column][\/vc_row][vc_row][vc_column offset=&#8220;vc_hidden-lg vc_hidden-md vc_hidden-sm vc_hidden-xs&#8220;][vc_raw_html]JTNDc3R5bGUlM0UlMEEucGFnZS1oZWFkZXIlN0IlMEElMjAlMjAlMjAlMjAlMjBkaXNwbGF5JTNBJTIwbm9uZSUzQiUwQSU3RCUwQSUwQS53aWRnZXQtYWJvdXQtcHJvbW8lM0FhZnRlciU3QmJhY2tncm91bmQlM0Fub25lJTNCJTdEJTBBbGFiZWwlN0JkaXNwbGF5JTNBaW5saW5lJTNCJTBBbWF4LXdpZHRoJTNBJTIwMTAwJTI1JTNCJTBBJTIwJTIwJTIwJTIwbWFyZ2luLWJvdHRvbSUzQSUyMDVweCUzQiUwQSUyMCUyMCUyMCUyMGZvbnQtd2VpZ2h0JTNBJTIwNzAwJTNCJTdEJTBBJTBBaW5wdXQlMkMlMjBzZWxlY3QlN0IlMEElMjAlMjAlMjAlMjAtbW96LWJveC1zaGFkb3clM0ElMjBpbnNldCUyMDFweCUyMDFweCUyMDRweCUyMDBweCUyMHJnYmElMjg0MCUyQyUyMDM1JTJDJTIwMjklMkMlMjAwLjElMjklM0IlMEElMjAlMjAlMjAlMjBib3gtc2hhZG93JTNBJTIwaW5zZXQlMjAxcHglMjAxcHglMjA0cHglMjAwcHglMjByZ2JhJTI4NDAlMkMlMjAzNSUyQyUyMDI5JTJDJTIwMC4xJTI5JTNCJTBBJTIwJTIwJTIwJTIwd2lkdGglM0ElMjAxMDAlMjUlM0IlMEElMjAlMjAlMjAlMjBvdXRsaW5lJTNBJTIwbm9uZSUzQiUwQSUyMCUyMCUyMCUyMHBhZGRpbmclM0ElMjAwJTIwMTVweCUzQiUwQSUyMCUyMCUyMCUyMG1hcmdpbiUzQSUyMDAlM0IlMEElMjAlMjAlMjAlMjBoZWlnaHQlM0ElMjA0MHB4JTNCJTBBJTIwJTIwJTIwJTIwbGluZS1oZWlnaHQlM0ElMjA0MHB4JTNCJTBBJTIwJTIwJTIwJTIwYm9yZGVyJTNBJTIwMXB4JTIwc29saWQlMjAlMjNlMWUxZTElM0IlMEElMjAlMjAlMjAlMjBiYWNrZ3JvdW5kLWNvbG9yJTNBJTIwJTIzZmZmJTNCJTBBJTdEJTBBJTBBdGV4dGFyZWElN0IlMEEtbW96LWJveC1zaGFkb3clM0ElMjBpbnNldCUyMDFweCUyMDFweCUyMDRweCUyMDBweCUyMHJnYmElMjg0MCUyQyUyMDM1JTJDJTIwMjklMkMlMjAwLjElMjklM0IlMEElMjAlMjAlMjAlMjBib3gtc2hhZG93JTNBJTIwaW5zZXQlMjAxcHglMjAxcHglMjA0cHglMjAwcHglMjByZ2JhJTI4NDAlMkMlMjAzNSUyQyUyMDI5JTJDJTIwMC4xJTI5JTNCJTBBJTIwJTIwJTIwJTIwd2lkdGglM0ElMjAxMDAlMjUlM0IlMEElMjAlMjAlMjAlMjBvdXRsaW5lJTNBJTIwbm9uZSUzQiUwQSUyMCUyMCUyMCUyMHBhZGRpbmclM0ElMjAwJTIwMTVweCUzQiUwQSUyMCUyMCUyMCUyMG1hcmdpbiUzQSUyMDAlM0IlMEElMjAlMjAlMjAlMjBoZWlnaHQlM0ElMjAxMzBweCUzQiUwQSUyMCUyMCUyMCUyMGxpbmUtaGVpZ2h0JTNBJTIwNDBweCUzQiUwQSUyMCUyMCUyMCUyMGJvcmRlciUzQSUyMDFweCUyMHNvbGlkJTIwJTIzZTFlMWUxJTNCJTBBJTIwJTIwJTIwJTIwYmFja2dyb3VuZC1jb2xvciUzQSUyMCUyM2ZmZiUzQiUwQSU3RCUwQWxlZ2VuZCU3QiUwQWJvcmRlciUzQSUyMG5vbmUlM0IlMEFtYXJnaW4tYm90dG9tJTNBMHB4JTNCJTdEJTBBJTBBJTQwbWVkaWElMjAlMjhtYXgtd2lkdGglM0ElMjA3NjdweCUyOSU3QiUwQS53aWRnZXQtY29udGFjdC1mb3JtJTdCJTBBcGFkZGluZy1sZWZ0JTNBJTIwMjBweCUyMCUyMWltcG9ydGFudCUzQiUwQSUyMCUyMCUyMCUyMHBhZGRpbmctcmlnaHQlM0ElMjAyMHB4JTIwJTIxaW1wb3J0YW50JTNCJTdEJTBBJTBBLnZjX2N1c3RvbV8xNTE4NzY2NDM4ODc2JTdCJTBBcGFkZGluZy1yaWdodCUzQSUyMDQwcHglMjAlMjFpbXBvcnRhbnQlM0IlN0QlMEElMEEudmNfY3VzdG9tXzE1MTg3NjY0NDg3OTUlN0IlMEFwYWRkaW5nLXJpZ2h0JTNBJTIwNDBweCUyMCUyMWltcG9ydGFudCUzQiU3RCUwQSU3RCUwQSUwQSUwQSU0MG1lZGlhJTIwJTI4bWF4LXdpZHRoJTNBJTIwMTE5OXB4JTI5JTdCJTBBLndpZGdldC1jb250YWN0LWZvcm0lN0IlMEFwYWRkaW5nJTNBJTIwNDBweCUyMDQwcHglMjA0MHB4JTIwNDBweCUzQiUwQW1hcmdpbi10b3AlM0ElMjAzMHB4JTNCJTdEJTBBJTdEJTBBJTBBJTQwbWVkaWElMjAlMjhtYXgtd2lkdGglM0ExMDI0cHglMjklMEElN0IlMEFpbnB1dCU3QiUwQXdpZHRoJTNBMTAwJTI1JTIwJTIxaW1wb3J0YW50JTNCJTBBbWFyZ2luLWxlZnQlM0ElMjAwJTIwJTIxaW1wb3J0YW50JTNCJTBBJTdEJTBBJTBBaW5wdXQlNUJ0eXBlJTNEJTI3c3VibWl0JTI3JTVEJTdCJTBBd2lkdGglM0FhdXRvJTIwJTIxaW1wb3J0YW50JTNCJTBBJTdEJTBBJTdEJTBBJTBBaW5wdXQlNUJ0eXBlJTNEY2hlY2tib3glNUQlN0IlMEFib3gtc2hhZG93JTNBJTIwbm9uZSUzQiUwQSUyMCUyMCUyMCUyMGhlaWdodCUzQSUyMGF1dG8lM0IlMEElMjAlMjAlMjAlMjB3aWR0aCUzQSUyMDEwcHglM0IlN0QlMEElMEElNDBtZWRpYSUyMCUyOG1heC13aWR0aCUzQTQ4MHB4JTI5JTIwYW5kJTIwJTI4b3JpZW50YXRpb24lM0Fwb3J0cmFpdCUyOSU3QiUwQS52Y19jdXN0b21fMTUyMDU4NDc1MTUxMiU3QiUwQXBhZGRpbmclM0E1MHB4JTIwMTVweCUyMDBweCUyMCUyMWltcG9ydGFudCUzQiUyMCUwQSU3RCUwQSUwQWlucHV0LndwY2Y3LWZvcm0tY29udHJvbC53cGNmNy1zdWJtaXQuYnRuJTdCJTBBbWFyZ2luJTNBJTIwYXV0byUyMCUyMWltcG9ydGFudCUzQiUwQSU3RCUwQSU3RCUwQSUwQSU0MG1lZGlhJTIwJTI4bWF4LXdpZHRoJTNBNzY3cHglMjklMjBhbmQlMjAlMjhvcmllbnRhdGlvbiUzQWxhbmRzY2FwZSUyOSU3QiUwQS52Y19jdXN0b21fMTUyMDU4NDc1MTUxMiU3QiUwQXBhZGRpbmclM0E1MHB4JTIwMTVweCUyMDBweCUyMCUyMWltcG9ydGFudCUzQiUyMCUwQSU3RCUwQSUwQWlucHV0LndwY2Y3LWZvcm0tY29udHJvbC53cGNmNy1zdWJtaXQuYnRuJTdCJTBBbWFyZ2luJTNBJTIwYXV0byUyMCUyMWltcG9ydGFudCUzQiUwQSU3RCUwQSU3RCUwQSUzQyUyRnN0eWxlJTNF[\/vc_raw_html][\/vc_column][\/vc_row]<\/p>\n<\/div>","protected":false},"excerpt":{"rendered":"<p>[vc_row full_width=&#8220;stretch_row_content_no_spaces&#8220; css=&#8220;.vc_custom_1520583473990{background-color: #ffffff !important;}&#8220;][vc_column width=&#8220;1\/2&#8243;][vc_column_text css=&#8220;.vc_custom_1520584751512{padding-top: 50px !important;padding-right: 100px !important;padding-left: 40px !important;}&#8220;] Naz City Hotel Taksim Kocatepe Mah. Irmak Cad. No : 44\/46 Beyo\u011flu &#8211; \u0130stanbul&#8230;<\/p>\n","protected":false},"author":2,"featured_media":0,"parent":0,"menu_order":0,"comment_status":"closed","ping_status":"closed","template":"fullwidth-page.php","meta":{"footnotes":""},"class_list":["post-1593","page","type-page","status-publish","hentry"],"_links":{"self":[{"href":"https:\/\/www.nazcityhoteltaksim.com.tr\/de\/wp-json\/wp\/v2\/pages\/1593","targetHints":{"allow":["GET"]}}],"collection":[{"href":"https:\/\/www.nazcityhoteltaksim.com.tr\/de\/wp-json\/wp\/v2\/pages"}],"about":[{"href":"https:\/\/www.nazcityhoteltaksim.com.tr\/de\/wp-json\/wp\/v2\/types\/page"}],"author":[{"embeddable":true,"href":"https:\/\/www.nazcityhoteltaksim.com.tr\/de\/wp-json\/wp\/v2\/users\/2"}],"replies":[{"embeddable":true,"href":"https:\/\/www.nazcityhoteltaksim.com.tr\/de\/wp-json\/wp\/v2\/comments?post=1593"}],"version-history":[{"count":12,"href":"https:\/\/www.nazcityhoteltaksim.com.tr\/de\/wp-json\/wp\/v2\/pages\/1593\/revisions"}],"predecessor-version":[{"id":2979,"href":"https:\/\/www.nazcityhoteltaksim.com.tr\/de\/wp-json\/wp\/v2\/pages\/1593\/revisions\/2979"}],"wp:attachment":[{"href":"https:\/\/www.nazcityhoteltaksim.com.tr\/de\/wp-json\/wp\/v2\/media?parent=1593"}],"curies":[{"name":"wp","href":"https:\/\/api.w.org\/{rel}","templated":true}]}}