{"id":1599,"date":"2016-07-21T12:23:43","date_gmt":"2016-07-21T12:23:43","guid":{"rendered":"https:\/\/www.nazcityhoteltaksim.com.tr\/restoran\/"},"modified":"2026-03-10T13:29:51","modified_gmt":"2026-03-10T13:29:51","slug":"restaurant","status":"publish","type":"page","link":"https:\/\/www.nazcityhoteltaksim.com.tr\/de\/restaurant\/","title":{"rendered":"Restaurant"},"content":{"rendered":"<div class=\"wpb-content-wrapper\"><p>[vc_row][vc_column][vc_column_text]<\/p>\n<div class=\"widget-rooms-list\">\n<div class=\"rooms-item\">\n<div class=\"item-desc\">\n<div class=\"desc-features\">\n<ul>\n<li><i class=\"fa fa-check\" aria-hidden=\"true\"><\/i> 80 PERSONENKAPAZIT\u00c4T<\/li>\n<li><i class=\"fa fa-check\" aria-hidden=\"true\"><\/i> Ge\u00f6ffnet von 07:00 bis 22:45 Uhr<\/li>\n<li><i class=\"fa fa-check\" aria-hidden=\"true\"><\/i> A&#8217;la Carte Menu<\/li>\n<li><i class=\"fa fa-check\" aria-hidden=\"true\"><\/i> fr\u00fchst\u00fccksbuffet<\/li>\n<li><i class=\"fa fa-check\" aria-hidden=\"true\"><\/i> \u00d6ffnungszeit an Wochentagen: 07:00 \u2013 10:30 Uhr<\/li>\n<li><i class=\"fa fa-check\" aria-hidden=\"true\"><\/i> \u00d6ffnungszeit am Wochenende: 07:00-11:00 Uhr<\/li>\n<li><i class=\"fa fa-check\" aria-hidden=\"true\"><\/i> Reichhaltiges freie Auswahl<\/li>\n<li><i class=\"fa fa-check\" aria-hidden=\"true\"><\/i> \u00d6ffnungszeit an Wochentagen: 07:00 \u2013 10:30 Uhr<\/li>\n<li><i class=\"fa fa-check\" aria-hidden=\"true\"><\/i> \u00d6ffnungszeit am Wochenende: 07:00-11:00 Uhr<\/li>\n<li><i class=\"fa fa-check\" aria-hidden=\"true\"><\/i> T\u00e4glich reichhaltiges Fr\u00fchst\u00fcck mit 130 Sorten<\/li>\n<li><i class=\"fa fa-check\" aria-hidden=\"true\"><\/i> T\u00e4glich verschiedene Fr\u00fchst\u00fccksmen\u00fcs<\/li>\n<li><i class=\"fa fa-check\" aria-hidden=\"true\"><\/i> T\u00fcrkische und internationale K\u00fcche<\/li>\n<li><i class=\"fa fa-check\" aria-hidden=\"true\"><\/i> Bio-Frische- t\u00e4gliche Lebensmittel -Hygienisch &#8211; Erstklassig<\/li>\n<li><i class=\"fa fa-check\" aria-hidden=\"true\"><\/i> Preisgekr\u00f6nte K\u00f6che<\/li>\n<\/ul>\n<\/div>\n<\/div>\n<\/div>\n<\/div>\n<p>[\/vc_column_text][\/vc_column][\/vc_row][vc_row el_id=&#8220;mobil&#8220;][vc_column offset=&#8220;vc_hidden-lg vc_hidden-md vc_hidden-sm&#8220;]<div class=\"section \" id=\"about-grid\" ><div class=\"widget-about-grid\"><div class=\"wrapper-inner\"><div class=\"widget-inner\"><div class=\"widget-item\"><h5><\/h5><h2>Reichhaltiges freie Auswahl - Fr\u00fchst\u00fccksbuffet<\/h2><div class=\"widget-rooms-list\">\n<div class=\"item-desc\">\n<div class=\"desc-features\">\n<ul>\n \t<li><i class=\"fa fa-check\" aria-hidden=\"true\"><\/i> \u00d6ffnungszeit an Wochentagen: 07:00 \u2013 10:30 Uhr<\/li>\n \t<li><i class=\"fa fa-check\" aria-hidden=\"true\"><\/i> \u00d6ffnungszeit am Wochenende: 07:00-11:00 Uhr<\/li>\n \t<li><i class=\"fa fa-check\" aria-hidden=\"true\"><\/i> T\u00e4glich reichhaltiges Fr\u00fchst\u00fcck mit 130 Sorten<\/li>\n \t<li><i class=\"fa fa-check\" aria-hidden=\"true\"><\/i> T\u00e4glich verschiedene Fr\u00fchst\u00fccksmen\u00fcs<\/li>\n \t<li><i class=\"fa fa-check\" aria-hidden=\"true\"><\/i> T\u00fcrkische und internationale K\u00fcche<\/li>\n \t<li><i class=\"fa fa-check\" aria-hidden=\"true\"><\/i> Bio-Frische- t\u00e4gliche Lebensmittel -Hygienisch - Erstklassig<\/li>\n \t<li><i class=\"fa fa-check\" aria-hidden=\"true\"><\/i> Preisgekr\u00f6nte K\u00f6che<\/li>\n<\/ul>\n<\/div>\n<\/div>\n<\/div><p><\/p><\/div><div class=\"widget-item\"><h5><\/h5><h2>Manhattan Restaurant<\/h2><div class=\"widget-rooms-list\">\n<div class=\"item-desc\">\n<div class=\"desc-features\">\n<ul>\n \t<li><i class=\"fa fa-check\" aria-hidden=\"true\"><\/i> Ge\u00f6ffnet von 07:00 bis 22:45 Uhr<\/li>\n \t<li><i class=\"fa fa-check\" aria-hidden=\"true\"><\/i> A'la Carte Menu<\/li>\n \t<li><i class=\"fa fa-check\" aria-hidden=\"true\"><\/i> Preisgekr\u00f6nte K\u00f6che<\/li>\n \t<li><i class=\"fa fa-check\" aria-hidden=\"true\"><\/i> Bio-Frische- t\u00e4gliche Lebensmittel -Hygienisch - Erstklassig<\/li>\n \t<li><i class=\"fa fa-check\" aria-hidden=\"true\"><\/i> Mediterranen und internationale K\u00fcche<\/li>\n \t<li><i class=\"fa fa-check\" aria-hidden=\"true\"><\/i> Reichhaltiges Menu<\/li>\n<\/ul>\n<\/div>\n<\/div>\n<\/div><p><\/p><\/div><div class=\"widget-item\"><h5><\/h5><h2>Naz Garden Cafe<\/h2><div class=\"widget-rooms-list\">\n<div class=\"item-desc\">\n<div class=\"desc-features\">\n<ul>\n \t<li><i class=\"fa fa-check\" aria-hidden=\"true\"><\/i> Ge\u00f6ffnet von 07:00 bis 22:45 Uhr<\/li>\n \t<li><i class=\"fa fa-check\" aria-hidden=\"true\"><\/i> Spezielle geheime Garten<\/li>\n \t<li><i class=\"fa fa-check\" aria-hidden=\"true\"><\/i> 80 verschieden Sorten Kaffee, Tee und Geb\u00e4cke<\/li>\n \t<li><i class=\"fa fa-check\" aria-hidden=\"true\"><\/i> 20 abwechslungsreiche, spezielle Desserts<\/li>\n<\/ul>\n<\/div>\n<\/div>\n<\/div><p><\/p><\/div><\/div><\/div><\/div><\/div>[\/vc_column][\/vc_row][vc_row full_width=&#8220;stretch_row_content_no_spaces&#8220; css=&#8220;.vc_custom_1516793638935{padding-left: 150px !important;background-color: #ffffff !important;}&#8220; el_id=&#8220;desktop&#8220;][vc_column offset=&#8220;vc_hidden-md vc_hidden-sm vc_hidden-xs&#8220;][vc_row_inner css=&#8220;.vc_custom_1516793048877{padding-top: 100px !important;padding-bottom: 100px !important;}&#8220;][vc_column_inner width=&#8220;1\/3&#8243; offset=&#8220;vc_hidden-md vc_hidden-sm vc_hidden-xs&#8220; css=&#8220;.vc_custom_1516793646308{padding-right: 30px !important;}&#8220;][vc_column_text css=&#8220;.vc_custom_1518175187015{padding-right: 60px !important;}&#8220;]<\/p>\n<div>\n<h5><\/h5>\n<h2>Reichhaltiges freie Auswahl &#8211; Fr\u00fchst\u00fccksbuffet<\/h2>\n<ul>\n<li><i class=\"fa fa-check\" aria-hidden=\"true\"><\/i> \u00d6ffnungszeit an Wochentagen: 07:00 \u2013 10:30 Uhr<\/li>\n<li><i class=\"fa fa-check\" aria-hidden=\"true\"><\/i> \u00d6ffnungszeit am Wochenende: 07:00-11:00 Uhr<\/li>\n<li><i class=\"fa fa-check\" aria-hidden=\"true\"><\/i> T\u00e4glich reichhaltiges Fr\u00fchst\u00fcck mit 130 Sorten<\/li>\n<li><i class=\"fa fa-check\" aria-hidden=\"true\"><\/i> T\u00e4glich verschiedene Fr\u00fchst\u00fccksmen\u00fcs<\/li>\n<li><i class=\"fa fa-check\" aria-hidden=\"true\"><\/i> T\u00fcrkische und internationale K\u00fcche<\/li>\n<li><i class=\"fa fa-check\" aria-hidden=\"true\"><\/i> Bio-Frische- t\u00e4gliche Lebensmittel -Hygienisch &#8211; Erstklassig<\/li>\n<li><i class=\"fa fa-check\" aria-hidden=\"true\"><\/i> Preisgekr\u00f6nte K\u00f6che<\/li>\n<\/ul>\n<\/div>\n<p>[\/vc_column_text][\/vc_column_inner][vc_column_inner width=&#8220;1\/3&#8243; offset=&#8220;vc_hidden-md vc_hidden-sm vc_hidden-xs&#8220;][vc_column_text css=&#8220;.vc_custom_1773149180616{padding-right: 60px !important;}&#8220;]<\/p>\n<div>\n<h5><\/h5>\n<h2>Manhattan Restaurant<\/h2>\n<ul>\n<li><i class=\"fa fa-check\" aria-hidden=\"true\"><\/i> Ge\u00f6ffnet von 07:00 bis 22:45 Uhr<\/li>\n<li><i class=\"fa fa-check\" aria-hidden=\"true\"><\/i> A&#8217;la Carte Menu<\/li>\n<li><i class=\"fa fa-check\" aria-hidden=\"true\"><\/i> Preisgekr\u00f6nte K\u00f6che<\/li>\n<li><i class=\"fa fa-check\" aria-hidden=\"true\"><\/i> Bio-Frische- t\u00e4gliche Lebensmittel -Hygienisch &#8211; Erstklassig<\/li>\n<li><i class=\"fa fa-check\" aria-hidden=\"true\"><\/i> Mediterranen und internationale K\u00fcche<\/li>\n<li><i class=\"fa fa-check\" aria-hidden=\"true\"><\/i> Reichhaltiges Menu<\/li>\n<\/ul>\n<\/div>\n<p>[\/vc_column_text][\/vc_column_inner][vc_column_inner width=&#8220;1\/3&#8243;][vc_column_text]<\/p>\n<div>\n<h5><\/h5>\n<h2>Naz Garden Cafe<\/h2>\n<div>\n<ul>\n<li><i class=\"fa fa-check\" aria-hidden=\"true\"><\/i> Ge\u00f6ffnet von 07:00 bis 22:45 Uhr<\/li>\n<li><i class=\"fa fa-check\" aria-hidden=\"true\"><\/i> Spezielle geheime Garten<\/li>\n<li><i class=\"fa fa-check\" aria-hidden=\"true\"><\/i> 80 verschieden Sorten Kaffee, Tee und Geb\u00e4cke<\/li>\n<li><i class=\"fa fa-check\" aria-hidden=\"true\"><\/i> 20 abwechslungsreiche, spezielle Desserts<\/li>\n<\/ul>\n<\/div>\n<\/div>\n<p>[\/vc_column_text][\/vc_column_inner][\/vc_row_inner][\/vc_column][\/vc_row][vc_row css=&#8220;.vc_custom_1514385864965{background-color: #ffffff !important;}&#8220; el_id=&#8220;tablet-yatay&#8220;][vc_column offset=&#8220;vc_hidden-lg vc_hidden-sm vc_hidden-xs&#8220;][vc_row_inner css=&#8220;.vc_custom_1516794348748{padding-top: 100px !important;padding-bottom: 100px !important;padding-left: 60px !important;}&#8220;][vc_column_inner width=&#8220;1\/3&#8243; offset=&#8220;vc_hidden-lg vc_hidden-sm vc_hidden-xs&#8220;][vc_column_text]<\/p>\n<div>\n<h5><\/h5>\n<h2>Reichhaltiges freie Auswahl &#8211; Fr\u00fchst\u00fccksbuffet<\/h2>\n<ul>\n<li><i class=\"fa fa-check\" aria-hidden=\"true\"><\/i> \u00d6ffnungszeit an Wochentagen: 07:00 \u2013 10:30 Uhr<\/li>\n<li><i class=\"fa fa-check\" aria-hidden=\"true\"><\/i> \u00d6ffnungszeit am Wochenende: 07:00-11:00 Uhr<\/li>\n<li><i class=\"fa fa-check\" aria-hidden=\"true\"><\/i> T\u00e4glich reichhaltiges Fr\u00fchst\u00fcck mit 130 Sorten<\/li>\n<li><i class=\"fa fa-check\" aria-hidden=\"true\"><\/i> T\u00e4glich verschiedene Fr\u00fchst\u00fccksmen\u00fcs<\/li>\n<li><i class=\"fa fa-check\" aria-hidden=\"true\"><\/i> T\u00fcrkische und internationale K\u00fcche<\/li>\n<li><i class=\"fa fa-check\" aria-hidden=\"true\"><\/i> Bio-Frische- t\u00e4gliche Lebensmittel -Hygienisch &#8211; Erstklassig<\/li>\n<li><i class=\"fa fa-check\" aria-hidden=\"true\"><\/i> Preisgekr\u00f6nte K\u00f6che<\/li>\n<\/ul>\n<\/div>\n<p>[\/vc_column_text][\/vc_column_inner][vc_column_inner width=&#8220;1\/3&#8243; offset=&#8220;vc_hidden-lg vc_hidden-sm vc_hidden-xs&#8220;][vc_column_text css=&#8220;.vc_custom_1773149200902{padding-right: 20px !important;padding-left: 50px !important;}&#8220;]<\/p>\n<div>\n<h5><\/h5>\n<h2>Manhattan Restaurant<\/h2>\n<ul>\n<li><i class=\"fa fa-check\" aria-hidden=\"true\"><\/i> Ge\u00f6ffnet von 07:00 bis 22:45 Uhr<\/li>\n<li><i class=\"fa fa-check\" aria-hidden=\"true\"><\/i> A&#8217;la Carte Menu<\/li>\n<li><i class=\"fa fa-check\" aria-hidden=\"true\"><\/i> Preisgekr\u00f6nte K\u00f6che<\/li>\n<li><i class=\"fa fa-check\" aria-hidden=\"true\"><\/i> Bio-Frische- t\u00e4gliche Lebensmittel -Hygienisch &#8211; Erstklassig<\/li>\n<li><i class=\"fa fa-check\" aria-hidden=\"true\"><\/i> Mediterranen und internationale K\u00fcche<\/li>\n<li><i class=\"fa fa-check\" aria-hidden=\"true\"><\/i> Reichhaltiges Menu<\/li>\n<\/ul>\n<\/div>\n<p>[\/vc_column_text][\/vc_column_inner][vc_column_inner width=&#8220;1\/3&#8243;][vc_column_text css=&#8220;.vc_custom_1773149210883{padding-right: 70px !important;}&#8220;]<\/p>\n<div>\n<h5><\/h5>\n<h2>Naz Garden Cafe<\/h2>\n<div>\n<ul>\n<li><i class=\"fa fa-check\" aria-hidden=\"true\"><\/i> Ge\u00f6ffnet von 07:00 bis 22:45 Uhr<\/li>\n<li><i class=\"fa fa-check\" aria-hidden=\"true\"><\/i> Spezielle geheime Garten<\/li>\n<li><i class=\"fa fa-check\" aria-hidden=\"true\"><\/i> 80 verschieden Sorten Kaffee, Tee und Geb\u00e4cke<\/li>\n<li><i class=\"fa fa-check\" aria-hidden=\"true\"><\/i> 20 abwechslungsreiche, spezielle Desserts<\/li>\n<\/ul>\n<\/div>\n<\/div>\n<p>[\/vc_column_text][\/vc_column_inner][\/vc_row_inner][\/vc_column][\/vc_row][vc_row css=&#8220;.vc_custom_1514386464587{background-color: #ffffff !important;}&#8220; el_id=&#8220;tablet-dikey&#8220;][vc_column offset=&#8220;vc_hidden-lg vc_hidden-md vc_hidden-xs&#8220; css=&#8220;.vc_custom_1516795071961{padding-right: 300px !important;padding-left: 100px !important;}&#8220;][vc_row_inner css=&#8220;.vc_custom_1516795114445{padding-top: 100px !important;padding-bottom: 100px !important;padding-left: 50px !important;}&#8220;][vc_column_inner width=&#8220;1\/3&#8243; offset=&#8220;vc_hidden-lg vc_hidden-md vc_hidden-xs&#8220;][vc_column_text]<\/p>\n<div>\n<h5><\/h5>\n<h2>Reichhaltiges freie Auswahl &#8211; Fr\u00fchst\u00fccksbuffet<\/h2>\n<ul>\n<li><i class=\"fa fa-check\" aria-hidden=\"true\"><\/i> \u00d6ffnungszeit an Wochentagen: 07:00 \u2013 10:30 Uhr<\/li>\n<li><i class=\"fa fa-check\" aria-hidden=\"true\"><\/i> \u00d6ffnungszeit am Wochenende: 07:00-11:00 Uhr<\/li>\n<li><i class=\"fa fa-check\" aria-hidden=\"true\"><\/i> T\u00e4glich reichhaltiges Fr\u00fchst\u00fcck mit 130 Sorten<\/li>\n<li><i class=\"fa fa-check\" aria-hidden=\"true\"><\/i> T\u00e4glich verschiedene Fr\u00fchst\u00fccksmen\u00fcs<\/li>\n<li><i class=\"fa fa-check\" aria-hidden=\"true\"><\/i> T\u00fcrkische und internationale K\u00fcche<\/li>\n<li><i class=\"fa fa-check\" aria-hidden=\"true\"><\/i> Bio-Frische- t\u00e4gliche Lebensmittel -Hygienisch &#8211; Erstklassig<\/li>\n<li><i class=\"fa fa-check\" aria-hidden=\"true\"><\/i> Preisgekr\u00f6nte K\u00f6che<\/li>\n<\/ul>\n<\/div>\n<p>[\/vc_column_text][\/vc_column_inner][vc_column_inner width=&#8220;1\/3&#8243; offset=&#8220;vc_hidden-lg vc_hidden-md vc_hidden-xs&#8220;][vc_column_text css=&#8220;.vc_custom_1773149220138{padding-right: 30px !important;padding-left: 30px !important;}&#8220;]<\/p>\n<div>\n<h5><\/h5>\n<h2>Manhattan Restaurant<\/h2>\n<ul>\n<li><i class=\"fa fa-check\" aria-hidden=\"true\"><\/i> Ge\u00f6ffnet von 07:00 bis 22:45 Uhr<\/li>\n<li><i class=\"fa fa-check\" aria-hidden=\"true\"><\/i> A&#8217;la Carte Menu<\/li>\n<li><i class=\"fa fa-check\" aria-hidden=\"true\"><\/i> Preisgekr\u00f6nte K\u00f6che<\/li>\n<li><i class=\"fa fa-check\" aria-hidden=\"true\"><\/i> Bio-Frische- t\u00e4gliche Lebensmittel -Hygienisch &#8211; Erstklassig<\/li>\n<li><i class=\"fa fa-check\" aria-hidden=\"true\"><\/i> Mediterranen und internationale K\u00fcche<\/li>\n<li><i class=\"fa fa-check\" aria-hidden=\"true\"><\/i> Reichhaltiges Menu<\/li>\n<\/ul>\n<\/div>\n<p>[\/vc_column_text][\/vc_column_inner][vc_column_inner width=&#8220;1\/3&#8243;][vc_column_text]<\/p>\n<div>\n<h5><\/h5>\n<h2>Naz Garden Cafe<\/h2>\n<div>\n<ul>\n<li><i class=\"fa fa-check\" aria-hidden=\"true\"><\/i> Ge\u00f6ffnet von 07:00 bis 22:45 Uhr<\/li>\n<li><i class=\"fa fa-check\" aria-hidden=\"true\"><\/i> Spezielle geheime Garten<\/li>\n<li><i class=\"fa fa-check\" aria-hidden=\"true\"><\/i> 80 verschieden Sorten Kaffee, Tee und Geb\u00e4cke<\/li>\n<li><i class=\"fa fa-check\" aria-hidden=\"true\"><\/i> 20 abwechslungsreiche, spezielle Desserts<\/li>\n<\/ul>\n<\/div>\n<\/div>\n<p>[\/vc_column_text][\/vc_column_inner][\/vc_row_inner][\/vc_column][\/vc_row][vc_row][vc_column offset=&#8220;vc_hidden-lg vc_hidden-md vc_hidden-sm vc_hidden-xs&#8220;][vc_raw_html]JTNDc3R5bGUlM0UlMEFhLmJ0biUyMCU3QiUwQSUyMCUyMCUyMCUyMGRpc3BsYXklM0ElMjBub25lJTNCJTBBJTdEJTBBJTBBJTBBLndwYl9jb250ZW50X2VsZW1lbnQlN0IlMEFtYXJnaW4tYm90dG9tJTNBMHB4JTNCJTdEJTBBJTBBJTBBLndpZGdldC1maWx0ZXItdG9wJTIwdWwlMjBsaSUyMGElN0JkaXNwbGF5JTNBbm9uZSUzQiU3RCUwQSUwQS53aWRnZXQtZ2FsbGVyeS1ncmlkJTdCbWFyZ2luLXRvcCUzQS0xMDBweCUzQiU3RCUwQSUwQS53aWRnZXQtYWJvdXQtcHJvbW8lMjAud2lkZ2V0LWlubmVyJTIwLmJ0biU3QmRpc3BsYXklM0ElMjBub25lJTNCJTdEJTBBJTBBLm1mcC10aXRsZSU3QiUwQWRpc3BsYXklM0Fub25lJTNCJTdEJTBBJTBBLndpZGdldC1yb29tcy1saXN0JTIwLnJvb21zLWl0ZW0lN0IlMEFwYWRkaW5nLWxlZnQlM0EwJTIwJTIxaW1wb3J0YW50JTNCJTBBcGFkZGluZy1yaWdodCUzQTAlMjAlMjFpbXBvcnRhbnQlM0IlN0QlMEElMEElM0MlMkZzdHlsZSUzRQ==[\/vc_raw_html][\/vc_column][\/vc_row][vc_row][vc_column]<!-- Section Gallery --><div class=\"section \" id=\"portfolio\"><div class=\"wrapper-inner\"><!-- Gallery Filter --><div class=\"widget-filter-top\"><ul><li class=\"active\"><a href=\"#\" data-filter=\"*\">Restoran<\/a><\/li><li><a href=\"#\" data-filter=\".fitness-welness-de\">Fitness<\/a><\/li><li><a href=\"#\" data-filter=\".dugun-kina-de\">Hochzeit<\/a><\/li><li><a href=\"#\" data-filter=\".pool-welness-de\">Pool<\/a><\/li><li><a href=\"#\" data-filter=\".restaurant-de\">Restaurant<\/a><\/li><li><a href=\"#\" data-filter=\".sauna-welness-de\">Sauna<\/a><\/li><li><a href=\"#\" data-filter=\".welness-de\">Spa &amp; Gesundheit<\/a><\/li><li><a href=\"#\" data-filter=\".steam-room-welness-de\">Steam Room<\/a><\/li><li><a href=\"#\" data-filter=\".conference-de\">Tagung<\/a><\/li><li><a href=\"#\" data-filter=\".turkish-bath-welness-de\">Turkish Bath<\/a><\/li><li><a href=\"#\" data-filter=\".rooms-de\">Zimmer<\/a><\/li><\/ul><\/div><!-- Gallery Filter End --><!-- Gallery List --><div class=\"widget-gallery-grid\"><div class=\"row\"><div class=\"col-lg-3 col-md-4 col-sm-6 col-xs-12 isotope-item restaurant-de\"><div class=\"gallery-item\"><a href=\"https:\/\/www.nazcityhoteltaksim.com.tr\/wp-content\/uploads\/2017\/12\/ZGG_8070-1.jpg\" data-background=\"https:\/\/www.nazcityhoteltaksim.com.tr\/wp-content\/uploads\/2017\/12\/ZGG_8070-1.jpg\" title=\"restoran19\" class=\"grandium-popup-gallery\"><\/a><\/div><\/div><div class=\"col-lg-3 col-md-4 col-sm-6 col-xs-12 isotope-item restaurant-de\"><div class=\"gallery-item\"><a href=\"https:\/\/www.nazcityhoteltaksim.com.tr\/wp-content\/uploads\/2017\/12\/ZGG_8069-1.jpg\" data-background=\"https:\/\/www.nazcityhoteltaksim.com.tr\/wp-content\/uploads\/2017\/12\/ZGG_8069-1.jpg\" title=\"restoran18\" class=\"grandium-popup-gallery\"><\/a><\/div><\/div><div class=\"col-lg-3 col-md-4 col-sm-6 col-xs-12 isotope-item restaurant-de\"><div class=\"gallery-item\"><a href=\"https:\/\/www.nazcityhoteltaksim.com.tr\/wp-content\/uploads\/2017\/12\/ZGG_8068-1.jpg\" data-background=\"https:\/\/www.nazcityhoteltaksim.com.tr\/wp-content\/uploads\/2017\/12\/ZGG_8068-1.jpg\" title=\"restoran17\" class=\"grandium-popup-gallery\"><\/a><\/div><\/div><div class=\"col-lg-3 col-md-4 col-sm-6 col-xs-12 isotope-item restaurant-de\"><div class=\"gallery-item\"><a href=\"https:\/\/www.nazcityhoteltaksim.com.tr\/wp-content\/uploads\/2017\/12\/ZGG_8066-1.jpg\" data-background=\"https:\/\/www.nazcityhoteltaksim.com.tr\/wp-content\/uploads\/2017\/12\/ZGG_8066-1.jpg\" title=\"restoran15\" class=\"grandium-popup-gallery\"><\/a><\/div><\/div><div class=\"col-lg-3 col-md-4 col-sm-6 col-xs-12 isotope-item restaurant-de\"><div class=\"gallery-item\"><a href=\"https:\/\/www.nazcityhoteltaksim.com.tr\/wp-content\/uploads\/2017\/12\/ZGG_8064-1.jpg\" data-background=\"https:\/\/www.nazcityhoteltaksim.com.tr\/wp-content\/uploads\/2017\/12\/ZGG_8064-1.jpg\" title=\"restoran13\" class=\"grandium-popup-gallery\"><\/a><\/div><\/div><div class=\"col-lg-3 col-md-4 col-sm-6 col-xs-12 isotope-item restaurant-de\"><div class=\"gallery-item\"><a href=\"https:\/\/www.nazcityhoteltaksim.com.tr\/wp-content\/uploads\/2017\/12\/ZGG_8061-1.jpg\" data-background=\"https:\/\/www.nazcityhoteltaksim.com.tr\/wp-content\/uploads\/2017\/12\/ZGG_8061-1.jpg\" title=\"restoran11\" class=\"grandium-popup-gallery\"><\/a><\/div><\/div><div class=\"col-lg-3 col-md-4 col-sm-6 col-xs-12 isotope-item restaurant-de\"><div class=\"gallery-item\"><a href=\"https:\/\/www.nazcityhoteltaksim.com.tr\/wp-content\/uploads\/2017\/12\/ZGG_8059.jpg\" data-background=\"https:\/\/www.nazcityhoteltaksim.com.tr\/wp-content\/uploads\/2017\/12\/ZGG_8059.jpg\" title=\"restoran9\" class=\"grandium-popup-gallery\"><\/a><\/div><\/div><div class=\"col-lg-3 col-md-4 col-sm-6 col-xs-12 isotope-item restaurant-de\"><div class=\"gallery-item\"><a href=\"https:\/\/www.nazcityhoteltaksim.com.tr\/wp-content\/uploads\/2017\/12\/ZGG_8057.jpg\" data-background=\"https:\/\/www.nazcityhoteltaksim.com.tr\/wp-content\/uploads\/2017\/12\/ZGG_8057.jpg\" title=\"restoran8\" class=\"grandium-popup-gallery\"><\/a><\/div><\/div><div class=\"col-lg-3 col-md-4 col-sm-6 col-xs-12 isotope-item restaurant-de\"><div class=\"gallery-item\"><a href=\"https:\/\/www.nazcityhoteltaksim.com.tr\/wp-content\/uploads\/2017\/12\/ZGG_8055.jpg\" data-background=\"https:\/\/www.nazcityhoteltaksim.com.tr\/wp-content\/uploads\/2017\/12\/ZGG_8055.jpg\" title=\"restoran7\" class=\"grandium-popup-gallery\"><\/a><\/div><\/div><div class=\"col-lg-3 col-md-4 col-sm-6 col-xs-12 isotope-item restaurant-de\"><div class=\"gallery-item\"><a href=\"https:\/\/www.nazcityhoteltaksim.com.tr\/wp-content\/uploads\/2017\/12\/ZGG_8054.jpg\" data-background=\"https:\/\/www.nazcityhoteltaksim.com.tr\/wp-content\/uploads\/2017\/12\/ZGG_8054.jpg\" title=\"restoran6\" class=\"grandium-popup-gallery\"><\/a><\/div><\/div><div class=\"col-lg-3 col-md-4 col-sm-6 col-xs-12 isotope-item restaurant-de\"><div class=\"gallery-item\"><a href=\"https:\/\/www.nazcityhoteltaksim.com.tr\/wp-content\/uploads\/2017\/12\/ZGG_8048.jpg\" data-background=\"https:\/\/www.nazcityhoteltaksim.com.tr\/wp-content\/uploads\/2017\/12\/ZGG_8048.jpg\" title=\"restoran4\" class=\"grandium-popup-gallery\"><\/a><\/div><\/div><div class=\"col-lg-3 col-md-4 col-sm-6 col-xs-12 isotope-item restaurant-de\"><div class=\"gallery-item\"><a href=\"https:\/\/www.nazcityhoteltaksim.com.tr\/wp-content\/uploads\/2017\/12\/ZGG_8046.jpg\" data-background=\"https:\/\/www.nazcityhoteltaksim.com.tr\/wp-content\/uploads\/2017\/12\/ZGG_8046.jpg\" title=\"restoran2\" class=\"grandium-popup-gallery\"><\/a><\/div><\/div><\/div><\/div><!-- Gallery List End --><\/div><\/div><!-- Section Gallery End -->[\/vc_column][\/vc_row]<\/p>\n<\/div>","protected":false},"excerpt":{"rendered":"<p>[vc_row][vc_column][vc_column_text] 80 PERSONENKAPAZIT\u00c4T Ge\u00f6ffnet von 07:00 bis 22:45 Uhr A&#8217;la Carte Menu fr\u00fchst\u00fccksbuffet \u00d6ffnungszeit an Wochentagen: 07:00 \u2013 10:30 Uhr \u00d6ffnungszeit am Wochenende: 07:00-11:00 Uhr Reichhaltiges freie&#8230;<\/p>\n","protected":false},"author":2,"featured_media":3124,"parent":0,"menu_order":0,"comment_status":"closed","ping_status":"closed","template":"fullwidth-page.php","meta":{"footnotes":""},"class_list":["post-1599","page","type-page","status-publish","has-post-thumbnail","hentry"],"_links":{"self":[{"href":"https:\/\/www.nazcityhoteltaksim.com.tr\/de\/wp-json\/wp\/v2\/pages\/1599","targetHints":{"allow":["GET"]}}],"collection":[{"href":"https:\/\/www.nazcityhoteltaksim.com.tr\/de\/wp-json\/wp\/v2\/pages"}],"about":[{"href":"https:\/\/www.nazcityhoteltaksim.com.tr\/de\/wp-json\/wp\/v2\/types\/page"}],"author":[{"embeddable":true,"href":"https:\/\/www.nazcityhoteltaksim.com.tr\/de\/wp-json\/wp\/v2\/users\/2"}],"replies":[{"embeddable":true,"href":"https:\/\/www.nazcityhoteltaksim.com.tr\/de\/wp-json\/wp\/v2\/comments?post=1599"}],"version-history":[{"count":6,"href":"https:\/\/www.nazcityhoteltaksim.com.tr\/de\/wp-json\/wp\/v2\/pages\/1599\/revisions"}],"predecessor-version":[{"id":3931,"href":"https:\/\/www.nazcityhoteltaksim.com.tr\/de\/wp-json\/wp\/v2\/pages\/1599\/revisions\/3931"}],"wp:featuredmedia":[{"embeddable":true,"href":"https:\/\/www.nazcityhoteltaksim.com.tr\/de\/wp-json\/wp\/v2\/media\/3124"}],"wp:attachment":[{"href":"https:\/\/www.nazcityhoteltaksim.com.tr\/de\/wp-json\/wp\/v2\/media?parent=1599"}],"curies":[{"name":"wp","href":"https:\/\/api.w.org\/{rel}","templated":true}]}}