{"id":1450,"date":"2018-02-08T06:28:07","date_gmt":"2018-02-08T06:28:07","guid":{"rendered":"https:\/\/www.nazcityhoteltaksim.com.tr\/?page_id=1450"},"modified":"2019-07-04T11:46:58","modified_gmt":"2019-07-04T11:46:58","slug":"contact","status":"publish","type":"page","link":"https:\/\/www.nazcityhoteltaksim.com.tr\/en\/contact\/","title":{"rendered":"Contact"},"content":{"rendered":"<div class=\"wpb-content-wrapper\"><p>[vc_row full_width=&#8221;stretch_row_content_no_spaces&#8221; css=&#8221;.vc_custom_1520583423965{background-color: #ffffff !important;}&#8221;][vc_column width=&#8221;1\/2&#8243;][vc_column_text css=&#8221;.vc_custom_1520584719177{padding-top: 50px !important;padding-right: 100px !important;padding-left: 40px !important;}&#8221;]<\/p>\n<div class=\"widget-contact-info\">\n<ul>\n<li>\n<h5>Naz City Hotel Taksim<\/h5>\n<ul>\n<li>Kocatepe Mah. Irmak Cad. No : 44\/46 Beyo\u011flu &#8211; \u0130stanbul Naz City Hotel Taksim<\/li>\n<li>Phone: <a href=\"tel:00902123138100\">0212 313 81 00<\/a><\/li>\n<li><a href=\"mailto:info@nazcityhoteltaksim.com.tr\">info@nazcityhoteltaksim.com.tr<\/a><\/li>\n<\/ul>\n<\/li>\n<\/ul>\n<\/div>\n<p>[\/vc_column_text][vc_column_text css=&#8221;.vc_custom_1518765613181{padding-right: 100px !important;padding-left: 40px !important;}&#8221;]<\/p>\n<div class=\"widget-contact-info\">\n<ul>\n<li>Naz City Hotel Taksim is located at a very unique location at the heart of Istanbul&#8217;s tourist attractions. It is in very close proximity to Istanbul&#8217;s most important districts and shopping centers, such as Taksim Square, \u0130stiklal Avenue, Bosphorus Strait, L\u00fctfi K\u0131rdar Congress and Exhibition Center, Topkap\u0131 Palace, Hagia Sophia, Sultanahmet, Grand Bazaar, Emin\u00f6n\u00fc, Karak\u00f6y, Ni\u015fanta\u015f\u0131, Te\u015fvikiye, \u015ei\u015fli, Levent, and so on. It is only 32km away from Istanbul Airport and 45km from Sabiha G\u00f6k\u00e7en Airport. Moreover, free of charge transportation to Istanbul Underground line, the fastest means of transportation in Istanbul, is available at any time during the day. It is within 5 minutes walking distance to the underground station. We have free of charge transfer services to Osmanbey and Taksim Underground stations by private cars at any time during the day.<\/li>\n<\/ul>\n<\/div>\n<p>[\/vc_column_text][\/vc_column][vc_column width=&#8221;1\/2&#8243; css=&#8221;.vc_custom_1514205080172{padding-top: 50px !important;padding-right: 50px !important;padding-left: 50px !important;}&#8221;]\n<div class=\"wpcf7 no-js\" id=\"wpcf7-f1453-o1\" lang=\"tr-TR\" dir=\"ltr\" data-wpcf7-id=\"1453\">\n<div class=\"screen-reader-response\"><p role=\"status\" aria-live=\"polite\" aria-atomic=\"true\"><\/p> <ul><\/ul><\/div>\n<form action=\"\/en\/wp-json\/wp\/v2\/pages\/1450#wpcf7-f1453-o1\" method=\"post\" class=\"wpcf7-form init\" aria-label=\"\u0130leti\u015fim Formu\" novalidate=\"novalidate\" data-status=\"init\">\n<fieldset class=\"hidden-fields-container\"><input type=\"hidden\" name=\"_wpcf7\" value=\"1453\" \/><input type=\"hidden\" name=\"_wpcf7_version\" value=\"6.1.2\" \/><input type=\"hidden\" name=\"_wpcf7_locale\" value=\"tr_TR\" \/><input type=\"hidden\" name=\"_wpcf7_unit_tag\" value=\"wpcf7-f1453-o1\" \/><input type=\"hidden\" name=\"_wpcf7_container_post\" value=\"0\" \/><input type=\"hidden\" name=\"_wpcf7_posted_data_hash\" value=\"\" \/>\n<\/fieldset>\n<div class='widget-contact-form'>\n\t<fieldset>\n\t\t<legend>\n\t\t\t<h5>CONTACT:\n\t\t\t<\/h5>\n\t\t<\/legend>\n\t\t<p>Contact us.\n\t\t<\/p>\n\t\t<p><label><span class=\"wpcf7-form-control-wrap\" data-name=\"your-name\"><input size=\"40\" maxlength=\"400\" class=\"wpcf7-form-control wpcf7-text wpcf7-validates-as-required\" aria-required=\"true\" aria-invalid=\"false\" placeholder=\"Your name\" value=\"\" type=\"text\" name=\"your-name\" \/><\/span> <\/label>\n\t\t<\/p>\n\t\t<p><label><span class=\"wpcf7-form-control-wrap\" data-name=\"your-email\"><input size=\"40\" maxlength=\"400\" class=\"wpcf7-form-control wpcf7-email wpcf7-validates-as-required wpcf7-text wpcf7-validates-as-email\" aria-required=\"true\" aria-invalid=\"false\" placeholder=\"Your e-mail\" value=\"\" type=\"email\" name=\"your-email\" \/><\/span> <\/label>\n\t\t<\/p>\n\t\t<p><label><span class=\"wpcf7-form-control-wrap\" data-name=\"your-message\"><textarea cols=\"40\" rows=\"10\" maxlength=\"2000\" class=\"wpcf7-form-control wpcf7-textarea\" aria-invalid=\"false\" placeholder=\"Your message\" name=\"your-message\"><\/textarea><\/span> <\/label>\n\t\t<\/p>\n\t\t<p><label><span class=\"wpcf7-form-control-wrap\" data-name=\"check\"><span class=\"wpcf7-form-control wpcf7-checkbox wpcf7-validates-as-required\"><span class=\"wpcf7-list-item first last\"><input type=\"checkbox\" name=\"check[]\" value=\"I accept new terms of service.\" \/><span class=\"wpcf7-list-item-label\">I accept new terms of service.<\/span><\/span><\/span><\/span><\/label>\n\t\t<\/p>\n\t\t<p><input type=\"submit\" value=\"Send Form\" class=\"wpcf7-form-control wpcf7-submit btn\" \/>\n\t\t<\/p>\n\t<\/fieldset>\n<\/div><div class=\"wpcf7-response-output\" aria-hidden=\"true\"><\/div>\n<\/form>\n<\/div>\n[\/vc_column][\/vc_row][vc_row][vc_column offset=&#8221;vc_hidden-lg vc_hidden-md vc_hidden-sm vc_hidden-xs&#8221;][vc_raw_html]JTNDc3R5bGUlM0UlMEEucGFnZS1oZWFkZXIlN0IlMEElMjAlMjAlMjAlMjAlMjBkaXNwbGF5JTNBJTIwbm9uZSUzQiUwQSU3RCUwQSUwQS5zaXRlLWhlYWRlciUyMC5oZWFkZXItdG9wJTIwLmhlYWRlci1jb250YWN0JTdCJTBBZGlzcGxheSUzQSUyMG5vbmUlM0IlN0QlMEElMEEuc2l0ZS1oZWFkZXIlMjAuaGVhZGVyLXRvcCUyMC5oZWFkZXItbGFuZyU3QiUwQWRpc3BsYXklM0ElMjBub25lJTNCJTdEJTBBJTBBLndpZGdldC1hYm91dC1wcm9tbyUzQWFmdGVyJTdCYmFja2dyb3VuZCUzQW5vbmUlM0IlN0QlMEFsYWJlbCU3QmRpc3BsYXklM0FpbmxpbmUlM0IlMEFtYXgtd2lkdGglM0ElMjAxMDAlMjUlM0IlMEElMjAlMjAlMjAlMjBtYXJnaW4tYm90dG9tJTNBJTIwNXB4JTNCJTBBJTIwJTIwJTIwJTIwZm9udC13ZWlnaHQlM0ElMjA3MDAlM0IlN0QlMEElMEFpbnB1dCUyQyUyMHNlbGVjdCU3QiUwQSUyMCUyMCUyMCUyMC1tb3otYm94LXNoYWRvdyUzQSUyMGluc2V0JTIwMXB4JTIwMXB4JTIwNHB4JTIwMHB4JTIwcmdiYSUyODQwJTJDJTIwMzUlMkMlMjAyOSUyQyUyMDAuMSUyOSUzQiUwQSUyMCUyMCUyMCUyMGJveC1zaGFkb3clM0ElMjBpbnNldCUyMDFweCUyMDFweCUyMDRweCUyMDBweCUyMHJnYmElMjg0MCUyQyUyMDM1JTJDJTIwMjklMkMlMjAwLjElMjklM0IlMEElMjAlMjAlMjAlMjB3aWR0aCUzQSUyMDEwMCUyNSUzQiUwQSUyMCUyMCUyMCUyMG91dGxpbmUlM0ElMjBub25lJTNCJTBBJTIwJTIwJTIwJTIwcGFkZGluZyUzQSUyMDAlMjAxNXB4JTNCJTBBJTIwJTIwJTIwJTIwbWFyZ2luJTNBJTIwMCUzQiUwQSUyMCUyMCUyMCUyMGhlaWdodCUzQSUyMDQwcHglM0IlMEElMjAlMjAlMjAlMjBsaW5lLWhlaWdodCUzQSUyMDQwcHglM0IlMEElMjAlMjAlMjAlMjBib3JkZXIlM0ElMjAxcHglMjBzb2xpZCUyMCUyM2UxZTFlMSUzQiUwQSUyMCUyMCUyMCUyMGJhY2tncm91bmQtY29sb3IlM0ElMjAlMjNmZmYlM0IlMEElN0QlMEElMEF0ZXh0YXJlYSU3QiUwQS1tb3otYm94LXNoYWRvdyUzQSUyMGluc2V0JTIwMXB4JTIwMXB4JTIwNHB4JTIwMHB4JTIwcmdiYSUyODQwJTJDJTIwMzUlMkMlMjAyOSUyQyUyMDAuMSUyOSUzQiUwQSUyMCUyMCUyMCUyMGJveC1zaGFkb3clM0ElMjBpbnNldCUyMDFweCUyMDFweCUyMDRweCUyMDBweCUyMHJnYmElMjg0MCUyQyUyMDM1JTJDJTIwMjklMkMlMjAwLjElMjklM0IlMEElMjAlMjAlMjAlMjB3aWR0aCUzQSUyMDEwMCUyNSUzQiUwQSUyMCUyMCUyMCUyMG91dGxpbmUlM0ElMjBub25lJTNCJTBBJTIwJTIwJTIwJTIwcGFkZGluZyUzQSUyMDAlMjAxNXB4JTNCJTBBJTIwJTIwJTIwJTIwbWFyZ2luJTNBJTIwMCUzQiUwQSUyMCUyMCUyMCUyMGhlaWdodCUzQSUyMDEzMHB4JTNCJTBBJTIwJTIwJTIwJTIwbGluZS1oZWlnaHQlM0ElMjA0MHB4JTNCJTBBJTIwJTIwJTIwJTIwYm9yZGVyJTNBJTIwMXB4JTIwc29saWQlMjAlMjNlMWUxZTElM0IlMEElMjAlMjAlMjAlMjBiYWNrZ3JvdW5kLWNvbG9yJTNBJTIwJTIzZmZmJTNCJTBBJTdEJTBBbGVnZW5kJTdCJTBBYm9yZGVyJTNBJTIwbm9uZSUzQiUwQW1hcmdpbi1ib3R0b20lM0EwcHglM0IlN0QlMEElMEElNDBtZWRpYSUyMCUyOG1heC13aWR0aCUzQSUyMDc2N3B4JTI5JTdCJTBBLndpZGdldC1jb250YWN0LWZvcm0lN0IlMEFwYWRkaW5nLWxlZnQlM0ElMjAyMHB4JTIwJTIxaW1wb3J0YW50JTNCJTBBJTIwJTIwJTIwJTIwcGFkZGluZy1yaWdodCUzQSUyMDIwcHglMjAlMjFpbXBvcnRhbnQlM0IlN0QlMEElMEEudmNfY3VzdG9tXzE1MTg3NjQwNDE2NzklN0IlMEFwYWRkaW5nLXJpZ2h0JTNBJTIwNDBweCUyMCUyMWltcG9ydGFudCUzQiU3RCUwQSUwQS52Y19jdXN0b21fMTUxODc2NDA1NTk4MSU3QiUwQXBhZGRpbmctcmlnaHQlM0ElMjA0MHB4JTIwJTIxaW1wb3J0YW50JTNCJTdEJTBBJTdEJTBBJTBBJTBBJTQwbWVkaWElMjAlMjhtYXgtd2lkdGglM0ElMjAxMTk5cHglMjklN0IlMEEud2lkZ2V0LWNvbnRhY3QtZm9ybSU3QiUwQXBhZGRpbmclM0ElMjA0MHB4JTIwNDBweCUyMDQwcHglMjA0MHB4JTNCJTBBbWFyZ2luLXRvcCUzQSUyMDMwcHglM0IlN0QlMEElMjAlMjAlMjAlMjAlMEElN0QlMEElMEElNDBtZWRpYSUyMCUyOG1heC13aWR0aCUzQTEwMjRweCUyOSUwQSU3QiUwQWlucHV0JTdCJTBBd2lkdGglM0ExMDAlMjUlMjAlMjFpbXBvcnRhbnQlM0IlMEFtYXJnaW4tbGVmdCUzQSUyMDAlMjAlMjFpbXBvcnRhbnQlM0IlMEElN0QlMEElMEFpbnB1dCU1QnR5cGUlM0QlMjdzdWJtaXQlMjclNUQlN0IlMEF3aWR0aCUzQWF1dG8lMjAlMjFpbXBvcnRhbnQlM0IlMEElN0QlMEElN0QlMEFpbnB1dCU1QnR5cGUlM0RjaGVja2JveCU1RCU3QiUwQWJveC1zaGFkb3clM0ElMjBub25lJTNCJTBBJTIwJTIwJTIwJTIwaGVpZ2h0JTNBJTIwYXV0byUzQiUwQSUyMCUyMCUyMCUyMHdpZHRoJTNBJTIwMTBweCUzQiU3RCUwQSUwQSU0MG1lZGlhJTIwJTI4bWF4LXdpZHRoJTNBNDgwcHglMjklMjBhbmQlMjAlMjhvcmllbnRhdGlvbiUzQXBvcnRyYWl0JTI5JTdCJTBBLnZjX2N1c3RvbV8xNTIwNTg0NzE5MTc3JTdCJTBBcGFkZGluZyUzQTUwcHglMjAxNXB4JTIwMHB4JTIwJTIxaW1wb3J0YW50JTNCJTBBJTdEJTBBJTBBLnZjX2N1c3RvbV8xNTE4NzY1NjEzMTgxJTdCJTBBcGFkZGluZyUzQSUyMDEwcHglMjAxNXB4JTIwJTIxaW1wb3J0YW50JTNCJTBBJTdEJTBBJTBBaW5wdXQud3BjZjctZm9ybS1jb250cm9sLndwY2Y3LXN1Ym1pdC5idG4lN0IlMEFtYXJnaW4lM0ElMjBhdXRvJTIwJTIxaW1wb3J0YW50JTNCJTBBJTdEJTBBJTdEJTBBJTBBJTQwbWVkaWElMjAlMjhtYXgtd2lkdGglM0E3NjdweCUyOSUyMGFuZCUyMCUyOG9yaWVudGF0aW9uJTNBbGFuZHNjYXBlJTI5JTdCJTBBLnZjX2N1c3RvbV8xNTIwNTg0NzE5MTc3JTdCJTBBcGFkZGluZyUzQTUwcHglMjAxNXB4JTIwMHB4JTIwJTIxaW1wb3J0YW50JTNCJTBBJTdEJTBBJTBBaW5wdXQud3BjZjctZm9ybS1jb250cm9sLndwY2Y3LXN1Ym1pdC5idG4lN0IlMEFtYXJnaW4lM0ElMjBhdXRvJTIwJTIxaW1wb3J0YW50JTNCJTBBJTdEJTBBJTdEJTBBJTNDJTJGc3R5bGUlM0U=[\/vc_raw_html][\/vc_column][\/vc_row]<\/p>\n<\/div>","protected":false},"excerpt":{"rendered":"<p>[vc_row full_width=&#8221;stretch_row_content_no_spaces&#8221; css=&#8221;.vc_custom_1520583423965{background-color: #ffffff !important;}&#8221;][vc_column width=&#8221;1\/2&#8243;][vc_column_text css=&#8221;.vc_custom_1520584719177{padding-top: 50px !important;padding-right: 100px !important;padding-left: 40px !important;}&#8221;] Naz City Hotel Taksim Kocatepe Mah. Irmak Cad. No : 44\/46 Beyo\u011flu &#8211; \u0130stanbul&#8230;<\/p>\n","protected":false},"author":2,"featured_media":0,"parent":0,"menu_order":0,"comment_status":"closed","ping_status":"closed","template":"fullwidth-page.php","meta":{"footnotes":""},"class_list":["post-1450","page","type-page","status-publish","hentry"],"_links":{"self":[{"href":"https:\/\/www.nazcityhoteltaksim.com.tr\/en\/wp-json\/wp\/v2\/pages\/1450","targetHints":{"allow":["GET"]}}],"collection":[{"href":"https:\/\/www.nazcityhoteltaksim.com.tr\/en\/wp-json\/wp\/v2\/pages"}],"about":[{"href":"https:\/\/www.nazcityhoteltaksim.com.tr\/en\/wp-json\/wp\/v2\/types\/page"}],"author":[{"embeddable":true,"href":"https:\/\/www.nazcityhoteltaksim.com.tr\/en\/wp-json\/wp\/v2\/users\/2"}],"replies":[{"embeddable":true,"href":"https:\/\/www.nazcityhoteltaksim.com.tr\/en\/wp-json\/wp\/v2\/comments?post=1450"}],"version-history":[{"count":19,"href":"https:\/\/www.nazcityhoteltaksim.com.tr\/en\/wp-json\/wp\/v2\/pages\/1450\/revisions"}],"predecessor-version":[{"id":2978,"href":"https:\/\/www.nazcityhoteltaksim.com.tr\/en\/wp-json\/wp\/v2\/pages\/1450\/revisions\/2978"}],"wp:attachment":[{"href":"https:\/\/www.nazcityhoteltaksim.com.tr\/en\/wp-json\/wp\/v2\/media?parent=1450"}],"curies":[{"name":"wp","href":"https:\/\/api.w.org\/{rel}","templated":true}]}}