{"id":1541,"date":"2018-02-08T06:28:07","date_gmt":"2018-02-08T06:28:07","guid":{"rendered":"https:\/\/www.nazcityhoteltaksim.com.tr\/contact\/"},"modified":"2019-07-04T11:50:09","modified_gmt":"2019-07-04T11:50:09","slug":"contacto","status":"publish","type":"page","link":"https:\/\/www.nazcityhoteltaksim.com.tr\/es\/contacto\/","title":{"rendered":"Contacto"},"content":{"rendered":"<div class=\"wpb-content-wrapper\"><p>[vc_row full_width=\u00bbstretch_row_content_no_spaces\u00bb css=\u00bb.vc_custom_1520583502996{background-color: #ffffff !important;}\u00bb][vc_column width=\u00bb1\/2&#8243;][vc_column_text css=\u00bb.vc_custom_1520584662295{padding-top: 50px !important;padding-right: 100px !important;padding-left: 40px !important;}\u00bb]<\/p>\n<div class=\"widget-contact-info\">\n<ul>\n<li>\n<h5>Naz City Hotel Taksim<\/h5>\n<ul>\n<li>Kocatepe Mah. Irmak Cad. No : 44\/46 Beyo\u011flu &#8211; \u0130stanbul Naz City Hotel Taksim<\/li>\n<li>Tel\u00e9fono: <a href=\"tel:00902123138100\">0212 313 81 00<\/a><\/li>\n<li><a href=\"mailto:info@nazcityhoteltaksim.com.tr\">info@nazcityhoteltaksim.com.tr<\/a><\/li>\n<\/ul>\n<\/li>\n<\/ul>\n<\/div>\n<p>[\/vc_column_text][vc_column_text css=\u00bb.vc_custom_1518766649152{padding-right: 100px !important;padding-left: 40px !important;}\u00bb]<\/p>\n<div class=\"widget-contact-info\">\n<ul>\n<li>Naz City Hotel se encuentra en una ubicaci\u00f3n muy especial, situada en el centro de las zonas tur\u00edsticas de Estambul. Nuestro hotel est\u00e1 ubicado cerca de las zonas m\u00e1s importantes y los centros comerciales de Estambul, como La Plaza Taksim, Avenida de \u0130stiklal, el B\u00f3sforo, Centro de Congresos de L\u00fctfi K\u0131rdar, Palacio de Topkap\u0131, Santa Sof\u00eda, Sultanahmet (Mezquita Azul), el Gran Bazar, Emin\u00f6n\u00fc, Karak\u00f6y, Ni\u015fanta\u015f\u0131, Te\u015fvikiye, \u015ei\u015fli, Osmanbey y Levent. El hotel se encuentra a tan solo 32 kilometros del aeropuerto de Istanbul y 45 kilometros del aeropuerto de Sabiha G\u00f6k\u00e7en. Adem\u00e1s, ofrecemes servicio de transporte gratuito al sistema de metro, lo cual es la manera m\u00e1s r\u00e1pida de transporte en Estambul. El hotel est\u00e1 ubicado a 5 minutos de pie de la estaci\u00f3n de metro. Con veh\u00edculos privados del hotel, se ofrece servicio de transporte a las estaciones de metro de Osmanbey y Taksim, durante 24 horas del d\u00eda y gratuitamente.<\/li>\n<\/ul>\n<\/div>\n<p>[\/vc_column_text][\/vc_column][vc_column width=\u00bb1\/2&#8243; css=\u00bb.vc_custom_1514205080172{padding-top: 50px !important;padding-right: 50px !important;padding-left: 50px !important;}\u00bb]\n<div class=\"wpcf7 no-js\" id=\"wpcf7-f1613-o1\" lang=\"en\" dir=\"ltr\" data-wpcf7-id=\"1613\">\n<div class=\"screen-reader-response\"><p role=\"status\" aria-live=\"polite\" aria-atomic=\"true\"><\/p> <ul><\/ul><\/div>\n<form action=\"\/es\/wp-json\/wp\/v2\/pages\/1541#wpcf7-f1613-o1\" method=\"post\" class=\"wpcf7-form init\" aria-label=\"Formulario de contacto\" novalidate=\"novalidate\" data-status=\"init\">\n<fieldset class=\"hidden-fields-container\"><input type=\"hidden\" name=\"_wpcf7\" value=\"1613\" \/><input type=\"hidden\" name=\"_wpcf7_version\" value=\"6.1.2\" \/><input type=\"hidden\" name=\"_wpcf7_locale\" value=\"en\" \/><input type=\"hidden\" name=\"_wpcf7_unit_tag\" value=\"wpcf7-f1613-o1\" \/><input type=\"hidden\" name=\"_wpcf7_container_post\" value=\"0\" \/><input type=\"hidden\" name=\"_wpcf7_posted_data_hash\" value=\"\" \/>\n<\/fieldset>\n<div class='widget-contact-form'>\n\t<fieldset>\n\t\t<legend>\n\t\t\t<h5>CONTACTO:\n\t\t\t<\/h5>\n\t\t<\/legend>\n\t\t<p>Cont\u00e1ctanos.\n\t\t<\/p>\n\t\t<p><label><span class=\"wpcf7-form-control-wrap\" data-name=\"your-name\"><input size=\"40\" maxlength=\"400\" class=\"wpcf7-form-control wpcf7-text wpcf7-validates-as-required\" aria-required=\"true\" aria-invalid=\"false\" placeholder=\"Nombre Y Apellido\" value=\"\" type=\"text\" name=\"your-name\" \/><\/span> <\/label>\n\t\t<\/p>\n\t\t<p><label><span class=\"wpcf7-form-control-wrap\" data-name=\"your-email\"><input size=\"40\" maxlength=\"400\" class=\"wpcf7-form-control wpcf7-email wpcf7-validates-as-required wpcf7-text wpcf7-validates-as-email\" aria-required=\"true\" aria-invalid=\"false\" placeholder=\"Email\" value=\"\" type=\"email\" name=\"your-email\" \/><\/span> <\/label>\n\t\t<\/p>\n\t\t<p><label><span class=\"wpcf7-form-control-wrap\" data-name=\"your-message\"><textarea cols=\"40\" rows=\"10\" maxlength=\"2000\" class=\"wpcf7-form-control wpcf7-textarea\" aria-invalid=\"false\" placeholder=\"Mensaje\" name=\"your-message\"><\/textarea><\/span> <\/label>\n\t\t<\/p>\n\t\t<p><label><span class=\"wpcf7-form-control-wrap\" data-name=\"check\"><span class=\"wpcf7-form-control wpcf7-checkbox wpcf7-validates-as-required\"><span class=\"wpcf7-list-item first last\"><input type=\"checkbox\" name=\"check[]\" value=\"Acepto nuevos t\u00e9rminos de servicio.\" \/><span class=\"wpcf7-list-item-label\">Acepto nuevos t\u00e9rminos de servicio.<\/span><\/span><\/span><\/span><\/label>\n\t\t<\/p>\n\t\t<p><input type=\"submit\" value=\"Enviar\" class=\"wpcf7-form-control wpcf7-submit btn\" \/>\n\t\t<\/p>\n\t<\/fieldset>\n<\/div><div class=\"wpcf7-response-output\" aria-hidden=\"true\"><\/div>\n<\/form>\n<\/div>\n[\/vc_column][\/vc_row][vc_row][vc_column offset=\u00bbvc_hidden-lg vc_hidden-md vc_hidden-sm vc_hidden-xs\u00bb][vc_raw_html]JTNDc3R5bGUlM0UlMEEucGFnZS1oZWFkZXIlN0IlMEElMjAlMjAlMjAlMjAlMjBkaXNwbGF5JTNBJTIwbm9uZSUzQiUwQSU3RCUwQSUwQS53aWRnZXQtYWJvdXQtcHJvbW8lM0FhZnRlciU3QmJhY2tncm91bmQlM0Fub25lJTNCJTdEJTBBbGFiZWwlN0JkaXNwbGF5JTNBaW5saW5lJTNCJTBBbWF4LXdpZHRoJTNBJTIwMTAwJTI1JTNCJTBBJTIwJTIwJTIwJTIwbWFyZ2luLWJvdHRvbSUzQSUyMDVweCUzQiUwQSUyMCUyMCUyMCUyMGZvbnQtd2VpZ2h0JTNBJTIwNzAwJTNCJTdEJTBBJTBBaW5wdXQlMkMlMjBzZWxlY3QlN0IlMEElMjAlMjAlMjAlMjAtbW96LWJveC1zaGFkb3clM0ElMjBpbnNldCUyMDFweCUyMDFweCUyMDRweCUyMDBweCUyMHJnYmElMjg0MCUyQyUyMDM1JTJDJTIwMjklMkMlMjAwLjElMjklM0IlMEElMjAlMjAlMjAlMjBib3gtc2hhZG93JTNBJTIwaW5zZXQlMjAxcHglMjAxcHglMjA0cHglMjAwcHglMjByZ2JhJTI4NDAlMkMlMjAzNSUyQyUyMDI5JTJDJTIwMC4xJTI5JTNCJTBBJTIwJTIwJTIwJTIwd2lkdGglM0ElMjAxMDAlMjUlM0IlMEElMjAlMjAlMjAlMjBvdXRsaW5lJTNBJTIwbm9uZSUzQiUwQSUyMCUyMCUyMCUyMHBhZGRpbmclM0ElMjAwJTIwMTVweCUzQiUwQSUyMCUyMCUyMCUyMG1hcmdpbiUzQSUyMDAlM0IlMEElMjAlMjAlMjAlMjBoZWlnaHQlM0ElMjA0MHB4JTNCJTBBJTIwJTIwJTIwJTIwbGluZS1oZWlnaHQlM0ElMjA0MHB4JTNCJTBBJTIwJTIwJTIwJTIwYm9yZGVyJTNBJTIwMXB4JTIwc29saWQlMjAlMjNlMWUxZTElM0IlMEElMjAlMjAlMjAlMjBiYWNrZ3JvdW5kLWNvbG9yJTNBJTIwJTIzZmZmJTNCJTBBJTdEJTBBJTBBdGV4dGFyZWElN0IlMEEtbW96LWJveC1zaGFkb3clM0ElMjBpbnNldCUyMDFweCUyMDFweCUyMDRweCUyMDBweCUyMHJnYmElMjg0MCUyQyUyMDM1JTJDJTIwMjklMkMlMjAwLjElMjklM0IlMEElMjAlMjAlMjAlMjBib3gtc2hhZG93JTNBJTIwaW5zZXQlMjAxcHglMjAxcHglMjA0cHglMjAwcHglMjByZ2JhJTI4NDAlMkMlMjAzNSUyQyUyMDI5JTJDJTIwMC4xJTI5JTNCJTBBJTIwJTIwJTIwJTIwd2lkdGglM0ElMjAxMDAlMjUlM0IlMEElMjAlMjAlMjAlMjBvdXRsaW5lJTNBJTIwbm9uZSUzQiUwQSUyMCUyMCUyMCUyMHBhZGRpbmclM0ElMjAwJTIwMTVweCUzQiUwQSUyMCUyMCUyMCUyMG1hcmdpbiUzQSUyMDAlM0IlMEElMjAlMjAlMjAlMjBoZWlnaHQlM0ElMjAxMzBweCUzQiUwQSUyMCUyMCUyMCUyMGxpbmUtaGVpZ2h0JTNBJTIwNDBweCUzQiUwQSUyMCUyMCUyMCUyMGJvcmRlciUzQSUyMDFweCUyMHNvbGlkJTIwJTIzZTFlMWUxJTNCJTBBJTIwJTIwJTIwJTIwYmFja2dyb3VuZC1jb2xvciUzQSUyMCUyM2ZmZiUzQiUwQSU3RCUwQWxlZ2VuZCU3QiUwQWJvcmRlciUzQSUyMG5vbmUlM0IlMEFtYXJnaW4tYm90dG9tJTNBMHB4JTNCJTdEJTBBJTBBJTQwbWVkaWElMjAlMjhtYXgtd2lkdGglM0ElMjA3NjdweCUyOSU3QiUwQS53aWRnZXQtY29udGFjdC1mb3JtJTdCJTBBcGFkZGluZy1sZWZ0JTNBJTIwMjBweCUyMCUyMWltcG9ydGFudCUzQiUwQSUyMCUyMCUyMCUyMHBhZGRpbmctcmlnaHQlM0ElMjAyMHB4JTIwJTIxaW1wb3J0YW50JTNCJTdEJTBBJTBBLnZjX2N1c3RvbV8xNTE4NzY2NjQwMzk0JTdCJTBBcGFkZGluZy1yaWdodCUzQSUyMDQwcHglMjAlMjFpbXBvcnRhbnQlM0IlN0QlMEElMEEudmNfY3VzdG9tXzE1MTg3NjY2NDkxNTIlN0IlMEFwYWRkaW5nLXJpZ2h0JTNBJTIwNDBweCUyMCUyMWltcG9ydGFudCUzQiU3RCUwQSU3RCUwQSUwQSUwQSU0MG1lZGlhJTIwJTI4bWF4LXdpZHRoJTNBJTIwMTE5OXB4JTI5JTdCJTBBLndpZGdldC1jb250YWN0LWZvcm0lN0IlMEFwYWRkaW5nJTNBJTIwNDBweCUyMDQwcHglMjA0MHB4JTIwNDBweCUzQiUwQW1hcmdpbi10b3AlM0ElMjAzMHB4JTNCJTdEJTBBJTdEJTBBJTBBJTQwbWVkaWElMjAlMjhtYXgtd2lkdGglM0ExMDI0cHglMjklMEElN0IlMEFpbnB1dCU3QiUwQXdpZHRoJTNBMTAwJTI1JTIwJTIxaW1wb3J0YW50JTNCJTBBbWFyZ2luLWxlZnQlM0ElMjAwJTIwJTIxaW1wb3J0YW50JTNCJTBBJTdEJTBBJTBBaW5wdXQlNUJ0eXBlJTNEJTI3c3VibWl0JTI3JTVEJTdCJTBBd2lkdGglM0FhdXRvJTIwJTIxaW1wb3J0YW50JTNCJTBBJTdEJTBBJTdEJTBBJTBBaW5wdXQlNUJ0eXBlJTNEY2hlY2tib3glNUQlN0IlMEFib3gtc2hhZG93JTNBJTIwbm9uZSUzQiUwQSUyMCUyMCUyMCUyMGhlaWdodCUzQSUyMGF1dG8lM0IlMEElMjAlMjAlMjAlMjB3aWR0aCUzQSUyMDEwcHglM0IlN0QlMEElMEElNDBtZWRpYSUyMCUyOG1heC13aWR0aCUzQTQ4MHB4JTI5JTIwYW5kJTIwJTI4b3JpZW50YXRpb24lM0Fwb3J0cmFpdCUyOSU3QiUwQS52Y19jdXN0b21fMTUyMDU4NDY2MjI5NSU3QiUwQXBhZGRpbmclM0E1MHB4JTIwMTVweCUyMDBweCUyMCUyMWltcG9ydGFudCUzQiUwQSU3RCUwQSUwQWlucHV0LndwY2Y3LWZvcm0tY29udHJvbC53cGNmNy1zdWJtaXQuYnRuJTdCJTBBbWFyZ2luJTNBJTIwYXV0byUyMCUyMWltcG9ydGFudCUzQiUwQSU3RCUwQSU3RCUwQSUwQSU0MG1lZGlhJTIwJTI4bWF4LXdpZHRoJTNBNzY3cHglMjklMjBhbmQlMjAlMjhvcmllbnRhdGlvbiUzQWxhbmRzY2FwZSUyOSU3QiUwQS52Y19jdXN0b21fMTUyMDU4NDY2MjI5NSU3QiUwQXBhZGRpbmclM0E1MHB4JTIwMTVweCUyMDBweCUyMCUyMWltcG9ydGFudCUzQiUwQSU3RCUwQSUwQWlucHV0LndwY2Y3LWZvcm0tY29udHJvbC53cGNmNy1zdWJtaXQuYnRuJTdCJTBBbWFyZ2luJTNBJTIwYXV0byUyMCUyMWltcG9ydGFudCUzQiUwQSU3RCUwQSU3RCUwQSUzQyUyRnN0eWxlJTNF[\/vc_raw_html][\/vc_column][\/vc_row]<\/p>\n<\/div>","protected":false},"excerpt":{"rendered":"<p>[vc_row full_width=\u00bbstretch_row_content_no_spaces\u00bb css=\u00bb.vc_custom_1520583502996{background-color: #ffffff !important;}\u00bb][vc_column width=\u00bb1\/2&#8243;][vc_column_text css=\u00bb.vc_custom_1520584662295{padding-top: 50px !important;padding-right: 100px !important;padding-left: 40px !important;}\u00bb] Naz City Hotel Taksim Kocatepe Mah. Irmak Cad. No : 44\/46 Beyo\u011flu &#8211; \u0130stanbul&#8230;<\/p>\n","protected":false},"author":2,"featured_media":0,"parent":0,"menu_order":0,"comment_status":"closed","ping_status":"closed","template":"fullwidth-page.php","meta":{"footnotes":""},"class_list":["post-1541","page","type-page","status-publish","hentry"],"_links":{"self":[{"href":"https:\/\/www.nazcityhoteltaksim.com.tr\/es\/wp-json\/wp\/v2\/pages\/1541","targetHints":{"allow":["GET"]}}],"collection":[{"href":"https:\/\/www.nazcityhoteltaksim.com.tr\/es\/wp-json\/wp\/v2\/pages"}],"about":[{"href":"https:\/\/www.nazcityhoteltaksim.com.tr\/es\/wp-json\/wp\/v2\/types\/page"}],"author":[{"embeddable":true,"href":"https:\/\/www.nazcityhoteltaksim.com.tr\/es\/wp-json\/wp\/v2\/users\/2"}],"replies":[{"embeddable":true,"href":"https:\/\/www.nazcityhoteltaksim.com.tr\/es\/wp-json\/wp\/v2\/comments?post=1541"}],"version-history":[{"count":17,"href":"https:\/\/www.nazcityhoteltaksim.com.tr\/es\/wp-json\/wp\/v2\/pages\/1541\/revisions"}],"predecessor-version":[{"id":2980,"href":"https:\/\/www.nazcityhoteltaksim.com.tr\/es\/wp-json\/wp\/v2\/pages\/1541\/revisions\/2980"}],"wp:attachment":[{"href":"https:\/\/www.nazcityhoteltaksim.com.tr\/es\/wp-json\/wp\/v2\/media?parent=1541"}],"curies":[{"name":"wp","href":"https:\/\/api.w.org\/{rel}","templated":true}]}}