{"id":1608,"date":"2017-12-25T07:58:17","date_gmt":"2017-12-25T07:58:17","guid":{"rendered":"https:\/\/www.nazcityhoteltaksim.com.tr\/dugun-ve-toplanti\/"},"modified":"2018-07-13T14:47:08","modified_gmt":"2018-07-13T14:47:08","slug":"bodas-y-reuniones","status":"publish","type":"page","link":"https:\/\/www.nazcityhoteltaksim.com.tr\/es\/bodas-y-reuniones\/","title":{"rendered":"Bodas Y Reuniones"},"content":{"rendered":"<div class=\"wpb-content-wrapper\"><p>[vc_row][vc_column]<!-- Section Gallery --><div class=\"section \" id=\"portfolio\"><div class=\"wrapper-inner\"><!-- Gallery Filter --><div class=\"widget-filter-top\"><ul><li class=\"active\"><a href=\"#\" data-filter=\"*\">Todas Las Fotos<\/a><\/li><li><a href=\"#\" data-filter=\".dugun-kina-es\">Bodas<\/a><\/li><li><a href=\"#\" data-filter=\".fitness-welness-es\">Fitness<\/a><\/li><li><a href=\"#\" data-filter=\".rooms-es\">Habitaciones<\/a><\/li><li><a href=\"#\" data-filter=\".pool-welness-es\">Pool<\/a><\/li><li><a href=\"#\" data-filter=\".restaurant-es\">Restaurante<\/a><\/li><li><a href=\"#\" data-filter=\".conference-es\">Reuniones<\/a><\/li><li><a href=\"#\" data-filter=\".sauna-welness-es\">Sauna<\/a><\/li><li><a href=\"#\" data-filter=\".welness-es\">Spa &amp; Salud<\/a><\/li><li><a href=\"#\" data-filter=\".steam-room-welness-es\">Steam Room<\/a><\/li><li><a href=\"#\" data-filter=\".turkish-bath-welness-es\">Turkish Bath<\/a><\/li><\/ul><\/div><!-- Gallery Filter End --><!-- Gallery List --><div class=\"widget-gallery-grid\"><div class=\"row\"><div class=\"col-lg-3 col-md-4 col-sm-6 col-xs-12 isotope-item dugun-kina-es\"><div class=\"gallery-item\"><a href=\"https:\/\/www.nazcityhoteltaksim.com.tr\/wp-content\/uploads\/2017\/12\/ZGG_5988.jpg\" data-background=\"https:\/\/www.nazcityhoteltaksim.com.tr\/wp-content\/uploads\/2017\/12\/ZGG_5988.jpg\" title=\"d\u00fc\u011f\u00fcn-k\u0131na54\" class=\"grandium-popup-gallery\"><\/a><\/div><\/div><div class=\"col-lg-3 col-md-4 col-sm-6 col-xs-12 isotope-item dugun-kina-es\"><div class=\"gallery-item\"><a href=\"https:\/\/www.nazcityhoteltaksim.com.tr\/wp-content\/uploads\/2017\/12\/ZGG_5986.jpg\" data-background=\"https:\/\/www.nazcityhoteltaksim.com.tr\/wp-content\/uploads\/2017\/12\/ZGG_5986.jpg\" title=\"d\u00fc\u011f\u00fcn-k\u0131na53\" class=\"grandium-popup-gallery\"><\/a><\/div><\/div><div class=\"col-lg-3 col-md-4 col-sm-6 col-xs-12 isotope-item dugun-kina-es\"><div class=\"gallery-item\"><a href=\"https:\/\/www.nazcityhoteltaksim.com.tr\/wp-content\/uploads\/2017\/12\/ZGG_5985.jpg\" data-background=\"https:\/\/www.nazcityhoteltaksim.com.tr\/wp-content\/uploads\/2017\/12\/ZGG_5985.jpg\" title=\"d\u00fc\u011f\u00fcn-k\u0131na50\" class=\"grandium-popup-gallery\"><\/a><\/div><\/div><div class=\"col-lg-3 col-md-4 col-sm-6 col-xs-12 isotope-item conference-es\"><div class=\"gallery-item\"><a href=\"https:\/\/www.nazcityhoteltaksim.com.tr\/wp-content\/uploads\/2017\/12\/ZGG_5864.jpg\" data-background=\"https:\/\/www.nazcityhoteltaksim.com.tr\/wp-content\/uploads\/2017\/12\/ZGG_5864.jpg\" title=\"konferans5\" class=\"grandium-popup-gallery\"><\/a><\/div><\/div><div class=\"col-lg-3 col-md-4 col-sm-6 col-xs-12 isotope-item conference-es\"><div class=\"gallery-item\"><a href=\"https:\/\/www.nazcityhoteltaksim.com.tr\/wp-content\/uploads\/2017\/12\/ZGG_5863.jpg\" data-background=\"https:\/\/www.nazcityhoteltaksim.com.tr\/wp-content\/uploads\/2017\/12\/ZGG_5863.jpg\" title=\"konferans4\" class=\"grandium-popup-gallery\"><\/a><\/div><\/div><div class=\"col-lg-3 col-md-4 col-sm-6 col-xs-12 isotope-item conference-es\"><div class=\"gallery-item\"><a href=\"https:\/\/www.nazcityhoteltaksim.com.tr\/wp-content\/uploads\/2017\/12\/ZGG_5819.jpg\" data-background=\"https:\/\/www.nazcityhoteltaksim.com.tr\/wp-content\/uploads\/2017\/12\/ZGG_5819.jpg\" title=\"konferans3\" class=\"grandium-popup-gallery\"><\/a><\/div><\/div><div class=\"col-lg-3 col-md-4 col-sm-6 col-xs-12 isotope-item conference-es\"><div class=\"gallery-item\"><a href=\"https:\/\/www.nazcityhoteltaksim.com.tr\/wp-content\/uploads\/2017\/12\/ZGG_5815.jpg\" data-background=\"https:\/\/www.nazcityhoteltaksim.com.tr\/wp-content\/uploads\/2017\/12\/ZGG_5815.jpg\" title=\"konferans1\" class=\"grandium-popup-gallery\"><\/a><\/div><\/div><div class=\"col-lg-3 col-md-4 col-sm-6 col-xs-12 isotope-item dugun-kina-es\"><div class=\"gallery-item\"><a href=\"https:\/\/www.nazcityhoteltaksim.com.tr\/wp-content\/uploads\/2017\/12\/ZGG_6517.jpg\" data-background=\"https:\/\/www.nazcityhoteltaksim.com.tr\/wp-content\/uploads\/2017\/12\/ZGG_6517.jpg\" title=\"d\u00fc\u011f\u00fcn-k\u0131na41\" class=\"grandium-popup-gallery\"><\/a><\/div><\/div><div class=\"col-lg-3 col-md-4 col-sm-6 col-xs-12 isotope-item dugun-kina-es\"><div class=\"gallery-item\"><a href=\"https:\/\/www.nazcityhoteltaksim.com.tr\/wp-content\/uploads\/2017\/12\/ZGG_6509.jpg\" data-background=\"https:\/\/www.nazcityhoteltaksim.com.tr\/wp-content\/uploads\/2017\/12\/ZGG_6509.jpg\" title=\"d\u00fc\u011f\u00fcn-k\u0131na33\" class=\"grandium-popup-gallery\"><\/a><\/div><\/div><div class=\"col-lg-3 col-md-4 col-sm-6 col-xs-12 isotope-item dugun-kina-es\"><div class=\"gallery-item\"><a href=\"https:\/\/www.nazcityhoteltaksim.com.tr\/wp-content\/uploads\/2017\/12\/ZGG_6502.jpg\" data-background=\"https:\/\/www.nazcityhoteltaksim.com.tr\/wp-content\/uploads\/2017\/12\/ZGG_6502.jpg\" title=\"d\u00fc\u011f\u00fcn-k\u0131na27\" class=\"grandium-popup-gallery\"><\/a><\/div><\/div><div class=\"col-lg-3 col-md-4 col-sm-6 col-xs-12 isotope-item dugun-kina-es\"><div class=\"gallery-item\"><a href=\"https:\/\/www.nazcityhoteltaksim.com.tr\/wp-content\/uploads\/2017\/12\/ZGG_6482.jpg\" data-background=\"https:\/\/www.nazcityhoteltaksim.com.tr\/wp-content\/uploads\/2017\/12\/ZGG_6482.jpg\" title=\"d\u00fc\u011f\u00fcn-k\u0131na7\" class=\"grandium-popup-gallery\"><\/a><\/div><\/div><div class=\"col-lg-3 col-md-4 col-sm-6 col-xs-12 isotope-item dugun-kina-es\"><div class=\"gallery-item\"><a href=\"https:\/\/www.nazcityhoteltaksim.com.tr\/wp-content\/uploads\/2017\/12\/ZGG_6477.jpg\" data-background=\"https:\/\/www.nazcityhoteltaksim.com.tr\/wp-content\/uploads\/2017\/12\/ZGG_6477.jpg\" title=\"d\u00fc\u011f\u00fcn-k\u0131na6\" class=\"grandium-popup-gallery\"><\/a><\/div><\/div><\/div><\/div><!-- Gallery List End --><\/div><\/div><!-- Section Gallery End -->[\/vc_column][\/vc_row][vc_row][vc_column offset=\u00bbvc_hidden-lg vc_hidden-md vc_hidden-sm vc_hidden-xs\u00bb][vc_raw_html]JTNDc3R5bGUlM0UlMEFhLmJ0biUyMCU3QiUwQSUyMCUyMCUyMCUyMGRpc3BsYXklM0ElMjBub25lJTNCJTBBJTdEJTBBJTBBLndwYl9jb250ZW50X2VsZW1lbnQlN0JkaXNwbGF5JTNBbm9uZSUzQiU3RCUwQSUwQSUwQS53aWRnZXQtZmlsdGVyLXRvcCUyMHVsJTIwbGklMjBhJTVCZGF0YS1maWx0ZXIlM0QlMjcud2VsbmVzcy1lcyUyNyU1RCU3QmRpc3BsYXklM0Fub25lJTNCJTdEJTBBLndpZGdldC1maWx0ZXItdG9wJTIwdWwlMjBsaSUyMGElNUJkYXRhLWZpbHRlciUzRCUyNy5yb29tcy1lcyUyNyU1RCU3QmRpc3BsYXklM0Fub25lJTNCJTdEJTBBLndpZGdldC1maWx0ZXItdG9wJTIwdWwlMjBsaSUyMGElNUJkYXRhLWZpbHRlciUzRCUyNy5yZXN0YXVyYW50LWVzJTI3JTVEJTdCZGlzcGxheSUzQW5vbmUlM0IlN0QlMEEud2lkZ2V0LWZpbHRlci10b3AlMjB1bCUyMGxpJTIwYSU1QmRhdGEtZmlsdGVyJTNEJTI3LmZpdG5lc3Mtd2VsbmVzcy1lcyUyNyU1RCU3QmRpc3BsYXklM0Fub25lJTNCJTdEJTBBLndpZGdldC1maWx0ZXItdG9wJTIwdWwlMjBsaSUyMGElNUJkYXRhLWZpbHRlciUzRCUyNy5wb29sLXdlbG5lc3MtZXMlMjclNUQlN0JkaXNwbGF5JTNBbm9uZSUzQiU3RCUwQS53aWRnZXQtZmlsdGVyLXRvcCUyMHVsJTIwbGklMjBhJTVCZGF0YS1maWx0ZXIlM0QlMjcuc2F1bmEtd2VsbmVzcy1lcyUyNyU1RCU3QmRpc3BsYXklM0Fub25lJTNCJTdEJTBBLndpZGdldC1maWx0ZXItdG9wJTIwdWwlMjBsaSUyMGElNUJkYXRhLWZpbHRlciUzRCUyNy5zdGVhbS1yb29tLXdlbG5lc3MtZXMlMjclNUQlN0JkaXNwbGF5JTNBbm9uZSUzQiU3RCUwQS53aWRnZXQtZmlsdGVyLXRvcCUyMHVsJTIwbGklMjBhJTVCZGF0YS1maWx0ZXIlM0QlMjcudHVya2lzaC1iYXRoLXdlbG5lc3MtZXMlMjclNUQlN0JkaXNwbGF5JTNBbm9uZSUzQiU3RCUwQSUwQS53aWRnZXQtZmlsdGVyLXRvcCUyMHVsJTIwbGklN0IlMEFtYXJnaW4tcmlnaHQlM0EwcHglM0IlMEElN0QlMEElMEEud2lkZ2V0LWZpbHRlci10b3AlMjB1bCUyMGxpJTIwYSU1QmRhdGEtZmlsdGVyJTNEJTI3LmR1Z3VuLWtpbmEtZXMlMjclNUQlN0JtYXJnaW4tcmlnaHQlM0EyMHB4JTNCJTdEJTBBLndpZGdldC1maWx0ZXItdG9wJTIwdWwlMjBsaSUyMGElNUJkYXRhLWZpbHRlciUzRCUyNyUyQSUyNyU1RCU3Qm1hcmdpbi1yaWdodCUzQTIwcHglM0IlN0QlMEElMEEubWZwLXRpdGxlJTdCZGlzcGxheSUzQW5vbmUlM0IlN0QlMEElMEElNDBtZWRpYSUyMCUyOG1heC13aWR0aCUzQSUyMDc2N3B4JTI5JTdCJTBBLndpZGdldC1hYm91dC1wcm9tbyUyMC53aWRnZXQtaW5uZXIlMjAuYnRuJTdCJTBBJTIwJTIwJTIwJTIwZGlzcGxheSUzQSUyMG5vbmUlM0IlN0QlMEElN0QlMEElM0MlMkZzdHlsZSUzRQ==[\/vc_raw_html][\/vc_column][\/vc_row]<\/p>\n<\/div>","protected":false},"excerpt":{"rendered":"<p>[vc_row][vc_column][\/vc_column][\/vc_row][vc_row][vc_column offset=\u00bbvc_hidden-lg vc_hidden-md vc_hidden-sm vc_hidden-xs\u00bb][vc_raw_html]JTNDc3R5bGUlM0UlMEFhLmJ0biUyMCU3QiUwQSUyMCUyMCUyMCUyMGRpc3BsYXklM0ElMjBub25lJTNCJTBBJTdEJTBBJTBBLndwYl9jb250ZW50X2VsZW1lbnQlN0JkaXNwbGF5JTNBbm9uZSUzQiU3RCUwQSUwQSUwQS53aWRnZXQtZmlsdGVyLXRvcCUyMHVsJTIwbGklMjBhJTVCZGF0YS1maWx0ZXIlM0QlMjcud2VsbmVzcy1lcyUyNyU1RCU3QmRpc3BsYXklM0Fub25lJTNCJTdEJTBBLndpZGdldC1maWx0ZXItdG9wJTIwdWwlMjBsaSUyMGElNUJkYXRhLWZpbHRlciUzRCUyNy5yb29tcy1lcyUyNyU1RCU3QmRpc3BsYXklM0Fub25lJTNCJTdEJTBBLndpZGdldC1maWx0ZXItdG9wJTIwdWwlMjBsaSUyMGElNUJkYXRhLWZpbHRlciUzRCUyNy5yZXN0YXVyYW50LWVzJTI3JTVEJTdCZGlzcGxheSUzQW5vbmUlM0IlN0QlMEEud2lkZ2V0LWZpbHRlci10b3AlMjB1bCUyMGxpJTIwYSU1QmRhdGEtZmlsdGVyJTNEJTI3LmZpdG5lc3Mtd2VsbmVzcy1lcyUyNyU1RCU3QmRpc3BsYXklM0Fub25lJTNCJTdEJTBBLndpZGdldC1maWx0ZXItdG9wJTIwdWwlMjBsaSUyMGElNUJkYXRhLWZpbHRlciUzRCUyNy5wb29sLXdlbG5lc3MtZXMlMjclNUQlN0JkaXNwbGF5JTNBbm9uZSUzQiU3RCUwQS53aWRnZXQtZmlsdGVyLXRvcCUyMHVsJTIwbGklMjBhJTVCZGF0YS1maWx0ZXIlM0QlMjcuc2F1bmEtd2VsbmVzcy1lcyUyNyU1RCU3QmRpc3BsYXklM0Fub25lJTNCJTdEJTBBLndpZGdldC1maWx0ZXItdG9wJTIwdWwlMjBsaSUyMGElNUJkYXRhLWZpbHRlciUzRCUyNy5zdGVhbS1yb29tLXdlbG5lc3MtZXMlMjclNUQlN0JkaXNwbGF5JTNBbm9uZSUzQiU3RCUwQS53aWRnZXQtZmlsdGVyLXRvcCUyMHVsJTIwbGklMjBhJTVCZGF0YS1maWx0ZXIlM0QlMjcudHVya2lzaC1iYXRoLXdlbG5lc3MtZXMlMjclNUQlN0JkaXNwbGF5JTNBbm9uZSUzQiU3RCUwQSUwQS53aWRnZXQtZmlsdGVyLXRvcCUyMHVsJTIwbGklN0IlMEFtYXJnaW4tcmlnaHQlM0EwcHglM0IlMEElN0QlMEElMEEud2lkZ2V0LWZpbHRlci10b3AlMjB1bCUyMGxpJTIwYSU1QmRhdGEtZmlsdGVyJTNEJTI3LmR1Z3VuLWtpbmEtZXMlMjclNUQlN0JtYXJnaW4tcmlnaHQlM0EyMHB4JTNCJTdEJTBBLndpZGdldC1maWx0ZXItdG9wJTIwdWwlMjBsaSUyMGElNUJkYXRhLWZpbHRlciUzRCUyNyUyQSUyNyU1RCU3Qm1hcmdpbi1yaWdodCUzQTIwcHglM0IlN0QlMEElMEEubWZwLXRpdGxlJTdCZGlzcGxheSUzQW5vbmUlM0IlN0QlMEElMEElNDBtZWRpYSUyMCUyOG1heC13aWR0aCUzQSUyMDc2N3B4JTI5JTdCJTBBLndpZGdldC1hYm91dC1wcm9tbyUyMC53aWRnZXQtaW5uZXIlMjAuYnRuJTdCJTBBJTIwJTIwJTIwJTIwZGlzcGxheSUzQSUyMG5vbmUlM0IlN0QlMEElN0QlMEElM0MlMkZzdHlsZSUzRQ==[\/vc_raw_html][\/vc_column][\/vc_row]<\/p>\n","protected":false},"author":2,"featured_media":869,"parent":0,"menu_order":0,"comment_status":"closed","ping_status":"closed","template":"fullwidth-page.php","meta":{"footnotes":""},"class_list":["post-1608","page","type-page","status-publish","has-post-thumbnail","hentry"],"_links":{"self":[{"href":"https:\/\/www.nazcityhoteltaksim.com.tr\/es\/wp-json\/wp\/v2\/pages\/1608","targetHints":{"allow":["GET"]}}],"collection":[{"href":"https:\/\/www.nazcityhoteltaksim.com.tr\/es\/wp-json\/wp\/v2\/pages"}],"about":[{"href":"https:\/\/www.nazcityhoteltaksim.com.tr\/es\/wp-json\/wp\/v2\/types\/page"}],"author":[{"embeddable":true,"href":"https:\/\/www.nazcityhoteltaksim.com.tr\/es\/wp-json\/wp\/v2\/users\/2"}],"replies":[{"embeddable":true,"href":"https:\/\/www.nazcityhoteltaksim.com.tr\/es\/wp-json\/wp\/v2\/comments?post=1608"}],"version-history":[{"count":15,"href":"https:\/\/www.nazcityhoteltaksim.com.tr\/es\/wp-json\/wp\/v2\/pages\/1608\/revisions"}],"predecessor-version":[{"id":2667,"href":"https:\/\/www.nazcityhoteltaksim.com.tr\/es\/wp-json\/wp\/v2\/pages\/1608\/revisions\/2667"}],"wp:featuredmedia":[{"embeddable":true,"href":"https:\/\/www.nazcityhoteltaksim.com.tr\/es\/wp-json\/wp\/v2\/media\/869"}],"wp:attachment":[{"href":"https:\/\/www.nazcityhoteltaksim.com.tr\/es\/wp-json\/wp\/v2\/media?parent=1608"}],"curies":[{"name":"wp","href":"https:\/\/api.w.org\/{rel}","templated":true}]}}