{"id":1617,"date":"2016-07-21T13:58:52","date_gmt":"2016-07-21T13:58:52","guid":{"rendered":"https:\/\/www.nazcityhoteltaksim.com.tr\/all-rooms\/"},"modified":"2018-10-19T14:11:35","modified_gmt":"2018-10-19T14:11:35","slug":"habitaciones","status":"publish","type":"page","link":"https:\/\/www.nazcityhoteltaksim.com.tr\/es\/habitaciones\/","title":{"rendered":"Habitaciones"},"content":{"rendered":"<div class=\"wpb-content-wrapper\"><p>[vc_row][vc_column]<!-- Section Rooms --><div class=\"section \" id=\"habitacion\"><div class=\"wrapper-inner\"> <!-- Rooms List --><div class=\"widget-rooms-list\"><div class=\"rooms-item\"><div class=\"item-photo\"><a href=\"https:\/\/www.nazcityhoteltaksim.com.tr\/es\/rooms\/habitacion-estandar-con-sofa\/\" data-background=\"https:\/\/www.nazcityhoteltaksim.com.tr\/wp-content\/uploads\/2016\/07\/couch6-1-600x600.jpg\"><\/a><\/div><div class=\"item-desc\"><h2><a href=\"https:\/\/www.nazcityhoteltaksim.com.tr\/es\/rooms\/habitacion-estandar-con-sofa\/\">Habitaci\u00f3n Est\u00e1ndar Con Sof\u00e1<\/a><\/h2><p><\/p><div class=\"desc-features\"><ul><li><i class=\"fa fa-check\"><\/i> 30 metros cuadrados<\/li><li><i class=\"fa fa-check\"><\/i> Div\u00e1n<\/li><li><i class=\"fa fa-check\"><\/i> Aire acondicionado<\/li><li><i class=\"fa fa-check\"><\/i> Tel\u00e9fono con l\u00ednea directa<\/li><li><i class=\"fa fa-check\"><\/i> Calentador de agua<\/li><li><i class=\"fa fa-check\"><\/i> Champ\u00fa, gel de ducha, crema corporal, hisopos, lima, calzador, art\u00edculos de afeitar, art\u00edculos de cuidado dental<\/li><li><i class=\"fa fa-check\"><\/i> Centro de fitness, piscina, sauna, sala de vapor y el ba\u00f1o turco, de uso gratuito<\/li><li><i class=\"fa fa-check\"><\/i> Capacidad para 3 personas adultas<\/li><li><i class=\"fa fa-check\"><\/i> WiFi gratuito<\/li><li><i class=\"fa fa-check\"><\/i> Full HD 102 Led Tv<\/li><li><i class=\"fa fa-check\"><\/i> Minibar<\/li><li><i class=\"fa fa-check\"><\/i> Secadora de cabello<\/li><li><i class=\"fa fa-check\"><\/i> Agasajo de t\u00e9 y caf\u00e9 diario<\/li><li><i class=\"fa fa-check\"><\/i> Servicio de valet parking y aparcamiento gratuito<\/li><li><i class=\"fa fa-check\"><\/i> Cama King<\/li><li><i class=\"fa fa-check\"><\/i> Ducha amplia<\/li><li><i class=\"fa fa-check\"><\/i> Caja digital<\/li><li><i class=\"fa fa-check\"><\/i> Mesa de trabajo<\/li><li><i class=\"fa fa-check\"><\/i> B\u00e1scula<\/li><li><i class=\"fa fa-check\"><\/i> Albornoz y pantuflas<\/li> <\/ul><\/div><\/div><div class=\"item-price\"><div class=\"price-inner\"><h3> <\/h3><h4> <\/h4><h5><\/h5><a href=\"https:\/\/www.nazcityhoteltaksim.com.tr\/es\/rooms\/habitacion-estandar-con-sofa\/\" class=\"btn\">ROOM DETAIL<\/a><\/div><\/div><\/div><div class=\"rooms-item\"><div class=\"item-photo\"><a href=\"https:\/\/www.nazcityhoteltaksim.com.tr\/es\/rooms\/habitacion-executive\/\" data-background=\"https:\/\/www.nazcityhoteltaksim.com.tr\/wp-content\/uploads\/2016\/07\/ZGG_5741-600x600.jpg\"><\/a><\/div><div class=\"item-desc\"><h2><a href=\"https:\/\/www.nazcityhoteltaksim.com.tr\/es\/rooms\/habitacion-executive\/\">Habitaci\u00f3n Executive<\/a><\/h2><p><\/p><div class=\"desc-features\"><ul><li><i class=\"fa fa-check\"><\/i> 35 metros cuadrados<\/li><li><i class=\"fa fa-check\"><\/i> Sill\u00f3n<\/li><li><i class=\"fa fa-check\"><\/i> Aire acondicionado<\/li><li><i class=\"fa fa-check\"><\/i> Tel\u00e9fono con l\u00ednea directa<\/li><li><i class=\"fa fa-check\"><\/i> Calentador de agua<\/li><li><i class=\"fa fa-check\"><\/i> Champ\u00fa, gel de ducha, crema corporal, hisopos, lima, calzador, art\u00edculos de afeitar, art\u00edculos de cuidado dental<\/li><li><i class=\"fa fa-check\"><\/i> Centro de fitness, piscina, sauna, sala de vapor y el ba\u00f1o turco, de uso gratuito<\/li><li><i class=\"fa fa-check\"><\/i> Capacidad para 3 personas adultas<\/li><li><i class=\"fa fa-check\"><\/i> WiFi gratuito<\/li><li><i class=\"fa fa-check\"><\/i> Full HD 102 Led Tv<\/li><li><i class=\"fa fa-check\"><\/i> Minibar<\/li><li><i class=\"fa fa-check\"><\/i> Secadora de cabello<\/li><li><i class=\"fa fa-check\"><\/i> Agasajo de t\u00e9 y caf\u00e9 diario<\/li><li><i class=\"fa fa-check\"><\/i> Servicio de valet parking y aparcamiento gratuito<\/li><li><i class=\"fa fa-check\"><\/i> Cama King y dos camas individuales<\/li><li><i class=\"fa fa-check\"><\/i> Ducha amplia<\/li><li><i class=\"fa fa-check\"><\/i> Caja digital<\/li><li><i class=\"fa fa-check\"><\/i> Mesa de trabajo<\/li><li><i class=\"fa fa-check\"><\/i> B\u00e1scula<\/li><li><i class=\"fa fa-check\"><\/i> Albornoz y pantuflas<\/li> <\/ul><\/div><\/div><div class=\"item-price\"><div class=\"price-inner\"><h3> <\/h3><h4> <\/h4><h5><\/h5><a href=\"https:\/\/www.nazcityhoteltaksim.com.tr\/es\/rooms\/habitacion-executive\/\" class=\"btn\">ROOM DETAIL<\/a><\/div><\/div><\/div><div class=\"rooms-item\"><div class=\"item-photo\"><a href=\"https:\/\/www.nazcityhoteltaksim.com.tr\/es\/rooms\/habitacion-superior-con-sofa\/\" data-background=\"https:\/\/www.nazcityhoteltaksim.com.tr\/wp-content\/uploads\/2016\/07\/ZGG_5776-600x600.jpg\"><\/a><\/div><div class=\"item-desc\"><h2><a href=\"https:\/\/www.nazcityhoteltaksim.com.tr\/es\/rooms\/habitacion-superior-con-sofa\/\">Habitaci\u00f3n Superior Con Sof\u00e1<\/a><\/h2><p><\/p><div class=\"desc-features\"><ul><li><i class=\"fa fa-check\"><\/i> 35 metros cuadrados<\/li><li><i class=\"fa fa-check\"><\/i> Div\u00e1n<\/li><li><i class=\"fa fa-check\"><\/i> Aire acondicionado<\/li><li><i class=\"fa fa-check\"><\/i> Tel\u00e9fono con l\u00ednea directa<\/li><li><i class=\"fa fa-check\"><\/i> Calentador de agua<\/li><li><i class=\"fa fa-check\"><\/i> Champ\u00fa, gel de ducha, crema corporal, hisopos, lima, calzador, art\u00edculos de afeitar, art\u00edculos de cuidado dental<\/li><li><i class=\"fa fa-check\"><\/i> Centro de fitness, piscina, sauna, sala de vapor y el ba\u00f1o turco, de uso gratuito<\/li><li><i class=\"fa fa-check\"><\/i> Capacidad para 3 personas adultas<\/li><li><i class=\"fa fa-check\"><\/i> WiFi gratuito<\/li><li><i class=\"fa fa-check\"><\/i> Full HD 102 Led Tv<\/li><li><i class=\"fa fa-check\"><\/i> Minibar<\/li><li><i class=\"fa fa-check\"><\/i> Secadora de cabello<\/li><li><i class=\"fa fa-check\"><\/i> Agasajo de t\u00e9 y caf\u00e9 diario<\/li><li><i class=\"fa fa-check\"><\/i> Servicio de valet parking y aparcamiento gratuito<\/li><li><i class=\"fa fa-check\"><\/i> Cama King y dos camas individuales<\/li><li><i class=\"fa fa-check\"><\/i> Ducha amplia<\/li><li><i class=\"fa fa-check\"><\/i> Caja digital<\/li><li><i class=\"fa fa-check\"><\/i> Mesa de trabajo<\/li><li><i class=\"fa fa-check\"><\/i> B\u00e1scula<\/li><li><i class=\"fa fa-check\"><\/i> Albornoz y pantuflas<\/li> <\/ul><\/div><\/div><div class=\"item-price\"><div class=\"price-inner\"><h3> <\/h3><h4> <\/h4><h5><\/h5><a href=\"https:\/\/www.nazcityhoteltaksim.com.tr\/es\/rooms\/habitacion-superior-con-sofa\/\" class=\"btn\">ROOM DETAIL<\/a><\/div><\/div><\/div><div class=\"rooms-item\"><div class=\"item-photo\"><a href=\"https:\/\/www.nazcityhoteltaksim.com.tr\/es\/rooms\/habitacion-deluxe-king\/\" data-background=\"https:\/\/www.nazcityhoteltaksim.com.tr\/wp-content\/uploads\/2016\/07\/ZGG_5772-600x600.jpg\"><\/a><\/div><div class=\"item-desc\"><h2><a href=\"https:\/\/www.nazcityhoteltaksim.com.tr\/es\/rooms\/habitacion-deluxe-king\/\">Habitaci\u00f3n Deluxe King<\/a><\/h2><p><\/p><div class=\"desc-features\"><ul><li><i class=\"fa fa-check\"><\/i> 40 metros cuadrados<\/li><li><i class=\"fa fa-check\"><\/i> Balc\u00f3n<\/li><li><i class=\"fa fa-check\"><\/i> Aire acondicionado<\/li><li><i class=\"fa fa-check\"><\/i> Tel\u00e9fono con l\u00ednea directa<\/li><li><i class=\"fa fa-check\"><\/i> Calentador de agua<\/li><li><i class=\"fa fa-check\"><\/i> Champ\u00fa, gel de ducha, crema corporal, hisopos, lima, calzador, art\u00edculos de afeitar, art\u00edculos de cuidado dental<\/li><li><i class=\"fa fa-check\"><\/i> Centro de fitness, piscina, sauna, sala de vapor y el ba\u00f1o turco, de uso gratuito<\/li><li><i class=\"fa fa-check\"><\/i> Capacidad para 2 personas adultas<\/li><li><i class=\"fa fa-check\"><\/i> WiFi gratuito<\/li><li><i class=\"fa fa-check\"><\/i> Full HD 102 Led Tv<\/li><li><i class=\"fa fa-check\"><\/i> Minibar<\/li><li><i class=\"fa fa-check\"><\/i> Secadora de cabello<\/li><li><i class=\"fa fa-check\"><\/i> Agasajo de t\u00e9 y caf\u00e9 diario<\/li><li><i class=\"fa fa-check\"><\/i> Servicio de valet parking y aparcamiento gratuito<\/li><li><i class=\"fa fa-check\"><\/i> Cama King<\/li><li><i class=\"fa fa-check\"><\/i> Ducha amplia<\/li><li><i class=\"fa fa-check\"><\/i> Caja digital<\/li><li><i class=\"fa fa-check\"><\/i> Mesa de trabajo<\/li><li><i class=\"fa fa-check\"><\/i> B\u00e1scula<\/li><li><i class=\"fa fa-check\"><\/i> Albornoz y pantuflas<\/li> <\/ul><\/div><\/div><div class=\"item-price\"><div class=\"price-inner\"><h3> <\/h3><h4> <\/h4><h5><\/h5><a href=\"https:\/\/www.nazcityhoteltaksim.com.tr\/es\/rooms\/habitacion-deluxe-king\/\" class=\"btn\">ROOM DETAIL<\/a><\/div><\/div><\/div><div class=\"rooms-item\"><div class=\"item-photo\"><a href=\"https:\/\/www.nazcityhoteltaksim.com.tr\/es\/rooms\/habitacion-corner-suite\/\" data-background=\"https:\/\/www.nazcityhoteltaksim.com.tr\/wp-content\/uploads\/2017\/12\/042-1-600x600.jpg\"><\/a><\/div><div class=\"item-desc\"><h2><a href=\"https:\/\/www.nazcityhoteltaksim.com.tr\/es\/rooms\/habitacion-corner-suite\/\">Habitaci\u00f3n Corner Suite<\/a><\/h2><p><\/p><div class=\"desc-features\"><ul><li><i class=\"fa fa-check\"><\/i> 40 metros cuadrados<\/li><li><i class=\"fa fa-check\"><\/i> Sill\u00f3n<\/li><li><i class=\"fa fa-check\"><\/i> Aire acondicionado<\/li><li><i class=\"fa fa-check\"><\/i> Tel\u00e9fono con l\u00ednea directa<\/li><li><i class=\"fa fa-check\"><\/i> Calentador de agua<\/li><li><i class=\"fa fa-check\"><\/i> Champ\u00fa, gel de ducha, crema corporal, hisopos, lima, calzador, art\u00edculos de afeitar, art\u00edculos de cuidado dental<\/li><li><i class=\"fa fa-check\"><\/i> Centro de fitness, piscina, sauna, sala de vapor y el ba\u00f1o turco, de uso gratuito<\/li><li><i class=\"fa fa-check\"><\/i> Capacidad para 3 personas adultas<\/li><li><i class=\"fa fa-check\"><\/i> WiFi gratuito<\/li><li><i class=\"fa fa-check\"><\/i> Full HD 102 Led Tv<\/li><li><i class=\"fa fa-check\"><\/i> Minibar<\/li><li><i class=\"fa fa-check\"><\/i> Secadora de cabello<\/li><li><i class=\"fa fa-check\"><\/i> Agasajo de t\u00e9 y caf\u00e9 diario<\/li><li><i class=\"fa fa-check\"><\/i> Servicio de valet parking y aparcamiento gratuito<\/li><li><i class=\"fa fa-check\"><\/i> Cama King<\/li><li><i class=\"fa fa-check\"><\/i> Ducha amplia<\/li><li><i class=\"fa fa-check\"><\/i> Caja digital<\/li><li><i class=\"fa fa-check\"><\/i> Mesa de trabajo<\/li><li><i class=\"fa fa-check\"><\/i> B\u00e1scula<\/li><li><i class=\"fa fa-check\"><\/i> Albornoz y pantuflas<\/li> <\/ul><\/div><\/div><div class=\"item-price\"><div class=\"price-inner\"><h3> <\/h3><h4> <\/h4><h5>Por Noche<\/h5><a href=\"https:\/\/www.nazcityhoteltaksim.com.tr\/es\/rooms\/habitacion-corner-suite\/\" class=\"btn\">ROOM DETAIL<\/a><\/div><\/div><\/div><div class=\"rooms-item\"><div class=\"item-photo\"><a href=\"https:\/\/www.nazcityhoteltaksim.com.tr\/es\/rooms\/habitacion-terrace-king-suite\/\" data-background=\"https:\/\/www.nazcityhoteltaksim.com.tr\/wp-content\/uploads\/2016\/07\/ZGG_5754-600x600.jpg\"><\/a><\/div><div class=\"item-desc\"><h2><a href=\"https:\/\/www.nazcityhoteltaksim.com.tr\/es\/rooms\/habitacion-terrace-king-suite\/\">Habitaci\u00f3n Terrace King Suite<\/a><\/h2><p><\/p><div class=\"desc-features\"><ul><li><i class=\"fa fa-check\"><\/i> 53 metros cuadrados<\/li><li><i class=\"fa fa-check\"><\/i> Terraza<\/li><li><i class=\"fa fa-check\"><\/i> Aire acondicionado<\/li><li><i class=\"fa fa-check\"><\/i> Tel\u00e9fono con l\u00ednea directa<\/li><li><i class=\"fa fa-check\"><\/i> Calentador de agua<\/li><li><i class=\"fa fa-check\"><\/i> Champ\u00fa, gel de ducha, crema corporal, hisopos, lima, calzador, art\u00edculos de afeitar, art\u00edculos de cuidado dental<\/li><li><i class=\"fa fa-check\"><\/i> Centro de fitness, piscina, sauna, sala de vapor y el ba\u00f1o turco, de uso gratuito<\/li><li><i class=\"fa fa-check\"><\/i> Capacidad para 3 personas adultas<\/li><li><i class=\"fa fa-check\"><\/i> WiFi gratuito<\/li><li><i class=\"fa fa-check\"><\/i> Full HD 102 Led Tv<\/li><li><i class=\"fa fa-check\"><\/i> Minibar<\/li><li><i class=\"fa fa-check\"><\/i> Secadora de cabello<\/li><li><i class=\"fa fa-check\"><\/i> Agasajo de t\u00e9 y caf\u00e9 diario<\/li><li><i class=\"fa fa-check\"><\/i> Servicio de valet parking y aparcamiento gratuito<\/li><li><i class=\"fa fa-check\"><\/i> Cama King<\/li><li><i class=\"fa fa-check\"><\/i> Ducha amplia<\/li><li><i class=\"fa fa-check\"><\/i> Caja digital<\/li><li><i class=\"fa fa-check\"><\/i> Mesa de trabajo<\/li><li><i class=\"fa fa-check\"><\/i> B\u00e1scula<\/li><li><i class=\"fa fa-check\"><\/i> Albornoz y pantuflas<\/li> <\/ul><\/div><\/div><div class=\"item-price\"><div class=\"price-inner\"><h3> <\/h3><h4> <\/h4><h5><\/h5><a href=\"https:\/\/www.nazcityhoteltaksim.com.tr\/es\/rooms\/habitacion-terrace-king-suite\/\" class=\"btn\">ROOM DETAIL<\/a><\/div><\/div><\/div><div class=\"rooms-item\"><div class=\"item-photo\"><a href=\"https:\/\/www.nazcityhoteltaksim.com.tr\/es\/rooms\/habitacion-king-suite\/\" data-background=\"https:\/\/www.nazcityhoteltaksim.com.tr\/wp-content\/uploads\/2017\/12\/022-1-600x600.jpg\"><\/a><\/div><div class=\"item-desc\"><h2><a href=\"https:\/\/www.nazcityhoteltaksim.com.tr\/es\/rooms\/habitacion-king-suite\/\">Habitaci\u00f3n King Suite<\/a><\/h2><p><\/p><div class=\"desc-features\"><ul><li><i class=\"fa fa-check\"><\/i> 53 metros cuadrados<\/li><li><i class=\"fa fa-check\"><\/i> Habitaci\u00f3n vestidor<\/li><li><i class=\"fa fa-check\"><\/i> Balc\u00f3n<\/li><li><i class=\"fa fa-check\"><\/i> Ba\u00f1era<\/li><li><i class=\"fa fa-check\"><\/i> Sill\u00f3n<\/li><li><i class=\"fa fa-check\"><\/i> Aire acondicionado<\/li><li><i class=\"fa fa-check\"><\/i> Tel\u00e9fono con l\u00ednea directa<\/li><li><i class=\"fa fa-check\"><\/i> Calentador de agua<\/li><li><i class=\"fa fa-check\"><\/i> Champ\u00fa, gel de ducha, crema corporal, hisopos, lima, calzador, art\u00edculos de afeitar, art\u00edculos de cuidado dental<\/li><li><i class=\"fa fa-check\"><\/i> Centro de fitness, piscina, sauna, sala de vapor y el ba\u00f1o turco, de uso gratuito<\/li><li><i class=\"fa fa-check\"><\/i> Capacidad para 3 personas adultas<\/li><li><i class=\"fa fa-check\"><\/i> WiFi gratuito<\/li><li><i class=\"fa fa-check\"><\/i> Full HD 102 Led Tv<\/li><li><i class=\"fa fa-check\"><\/i> Minibar<\/li><li><i class=\"fa fa-check\"><\/i> Secadora de cabello<\/li><li><i class=\"fa fa-check\"><\/i> Agasajo de t\u00e9 y caf\u00e9 diario<\/li><li><i class=\"fa fa-check\"><\/i> Servicio de valet parking y aparcamiento gratuito<\/li><li><i class=\"fa fa-check\"><\/i> Cama King<\/li><li><i class=\"fa fa-check\"><\/i> Ducha amplia<\/li><li><i class=\"fa fa-check\"><\/i> Caja digital<\/li><li><i class=\"fa fa-check\"><\/i> Mesa de trabajo<\/li><li><i class=\"fa fa-check\"><\/i> B\u00e1scula<\/li><li><i class=\"fa fa-check\"><\/i> Albornoz y pantuflas<\/li> <\/ul><\/div><\/div><div class=\"item-price\"><div class=\"price-inner\"><h3> <\/h3><h4> <\/h4><h5>Por Noche<\/h5><a href=\"https:\/\/www.nazcityhoteltaksim.com.tr\/es\/rooms\/habitacion-king-suite\/\" class=\"btn\">ROOM DETAIL<\/a><\/div><\/div><\/div><div class=\"rooms-item\"><div class=\"item-photo\"><a href=\"https:\/\/www.nazcityhoteltaksim.com.tr\/es\/rooms\/habitacion-de-familia\/\" data-background=\"https:\/\/www.nazcityhoteltaksim.com.tr\/wp-content\/uploads\/2016\/07\/048-1-600x600.jpg\"><\/a><\/div><div class=\"item-desc\"><h2><a href=\"https:\/\/www.nazcityhoteltaksim.com.tr\/es\/rooms\/habitacion-de-familia\/\">Habitaci\u00f3n De Familia<\/a><\/h2><p><\/p><div class=\"desc-features\"><ul><li><i class=\"fa fa-check\"><\/i> 70 metros cuadrados<\/li><li><i class=\"fa fa-check\"><\/i> Sill\u00f3n<\/li><li><i class=\"fa fa-check\"><\/i> Aire acondicionado<\/li><li><i class=\"fa fa-check\"><\/i> Puerta de entrada privada<\/li><li><i class=\"fa fa-check\"><\/i> Tel\u00e9fono con l\u00ednea directa<\/li><li><i class=\"fa fa-check\"><\/i> Calentador de agua<\/li><li><i class=\"fa fa-check\"><\/i> Champ\u00fa, gel de ducha, crema corporal, hisopos, lima, calzador, art\u00edculos de afeitar, art\u00edculos de cuidado dental<\/li><li><i class=\"fa fa-check\"><\/i> Centro de fitness, piscina, sauna, sala de vapor y el ba\u00f1o turco, de uso gratuito<\/li><li><i class=\"fa fa-check\"><\/i> Capacidad para 6 personas adultas<\/li><li><i class=\"fa fa-check\"><\/i> WiFi gratuito<\/li><li><i class=\"fa fa-check\"><\/i> Full HD 102 Led Tv<\/li><li><i class=\"fa fa-check\"><\/i> Minibar<\/li><li><i class=\"fa fa-check\"><\/i> Secadora de cabello<\/li><li><i class=\"fa fa-check\"><\/i> Agasajo de t\u00e9 y caf\u00e9 diario<\/li><li><i class=\"fa fa-check\"><\/i> Servicio de valet parking y aparcamiento gratuito<\/li><li><i class=\"fa fa-check\"><\/i> Cama King y dos camas individuales<\/li><li><i class=\"fa fa-check\"><\/i> Ducha amplia<\/li><li><i class=\"fa fa-check\"><\/i> Caja digital<\/li><li><i class=\"fa fa-check\"><\/i> Mesa de trabajo<\/li><li><i class=\"fa fa-check\"><\/i> B\u00e1scula<\/li><li><i class=\"fa fa-check\"><\/i> Albornoz y pantuflas<\/li> <\/ul><\/div><\/div><div class=\"item-price\"><div class=\"price-inner\"><h3> <\/h3><h4> <\/h4><h5><\/h5><a href=\"https:\/\/www.nazcityhoteltaksim.com.tr\/es\/rooms\/habitacion-de-familia\/\" class=\"btn\">ROOM DETAIL<\/a><\/div><\/div><\/div> <\/div><!-- Rooms List End --><!-- Pager --><div class=\"widget-pager\"> <\/div><!-- Pager End --> <\/div><\/div><!-- Section Rooms End -->[\/vc_column][\/vc_row][vc_row][vc_column offset=\u00bbvc_hidden-lg vc_hidden-md vc_hidden-sm vc_hidden-xs\u00bb][vc_raw_html]JTNDc3R5bGUlM0UlMEEud2lkZ2V0LWZpbHRlci10b3AlMjB1bCUyMGxpJTIwYSU3QmRpc3BsYXklM0Fub25lJTNCJTdEJTBBJTBBLndpZGdldC1nYWxsZXJ5LWdyaWQlN0JtYXJnaW4tdG9wJTNBLTMwMHB4JTNCJTdEJTBBJTBBLm1mcC10aXRsZSU3QiUwQWRpc3BsYXklM0Fub25lJTNCJTdEJTBBJTBBLnByaWNlLWlubmVyJTIwJTNFJTIwaDQlN0IlMEFkaXNwbGF5JTNBJTIwbm9uZSUzQiUwQSU3RCUwQSUzQyUyRnN0eWxlJTNF[\/vc_raw_html][\/vc_column][\/vc_row]<\/p>\n<\/div>","protected":false},"excerpt":{"rendered":"<p>[vc_row][vc_column][\/vc_column][\/vc_row][vc_row][vc_column offset=\u00bbvc_hidden-lg vc_hidden-md vc_hidden-sm vc_hidden-xs\u00bb][vc_raw_html]JTNDc3R5bGUlM0UlMEEud2lkZ2V0LWZpbHRlci10b3AlMjB1bCUyMGxpJTIwYSU3QmRpc3BsYXklM0Fub25lJTNCJTdEJTBBJTBBLndpZGdldC1nYWxsZXJ5LWdyaWQlN0JtYXJnaW4tdG9wJTNBLTMwMHB4JTNCJTdEJTBBJTBBLm1mcC10aXRsZSU3QiUwQWRpc3BsYXklM0Fub25lJTNCJTdEJTBBJTBBLnByaWNlLWlubmVyJTIwJTNFJTIwaDQlN0IlMEFkaXNwbGF5JTNBJTIwbm9uZSUzQiUwQSU3RCUwQSUzQyUyRnN0eWxlJTNF[\/vc_raw_html][\/vc_column][\/vc_row]<\/p>\n","protected":false},"author":2,"featured_media":1263,"parent":0,"menu_order":0,"comment_status":"closed","ping_status":"closed","template":"fullwidth-page.php","meta":{"footnotes":""},"class_list":["post-1617","page","type-page","status-publish","has-post-thumbnail","hentry"],"_links":{"self":[{"href":"https:\/\/www.nazcityhoteltaksim.com.tr\/es\/wp-json\/wp\/v2\/pages\/1617","targetHints":{"allow":["GET"]}}],"collection":[{"href":"https:\/\/www.nazcityhoteltaksim.com.tr\/es\/wp-json\/wp\/v2\/pages"}],"about":[{"href":"https:\/\/www.nazcityhoteltaksim.com.tr\/es\/wp-json\/wp\/v2\/types\/page"}],"author":[{"embeddable":true,"href":"https:\/\/www.nazcityhoteltaksim.com.tr\/es\/wp-json\/wp\/v2\/users\/2"}],"replies":[{"embeddable":true,"href":"https:\/\/www.nazcityhoteltaksim.com.tr\/es\/wp-json\/wp\/v2\/comments?post=1617"}],"version-history":[{"count":10,"href":"https:\/\/www.nazcityhoteltaksim.com.tr\/es\/wp-json\/wp\/v2\/pages\/1617\/revisions"}],"predecessor-version":[{"id":2723,"href":"https:\/\/www.nazcityhoteltaksim.com.tr\/es\/wp-json\/wp\/v2\/pages\/1617\/revisions\/2723"}],"wp:featuredmedia":[{"embeddable":true,"href":"https:\/\/www.nazcityhoteltaksim.com.tr\/es\/wp-json\/wp\/v2\/media\/1263"}],"wp:attachment":[{"href":"https:\/\/www.nazcityhoteltaksim.com.tr\/es\/wp-json\/wp\/v2\/media?parent=1617"}],"curies":[{"name":"wp","href":"https:\/\/api.w.org\/{rel}","templated":true}]}}