{"id":1653,"date":"2017-12-25T08:44:19","date_gmt":"2017-12-25T08:44:19","guid":{"rendered":"https:\/\/www.nazcityhoteltaksim.com.tr\/shuttle\/"},"modified":"2026-03-10T11:43:04","modified_gmt":"2026-03-10T11:43:04","slug":"shuttle","status":"publish","type":"page","link":"https:\/\/www.nazcityhoteltaksim.com.tr\/es\/shuttle\/","title":{"rendered":"Shuttle"},"content":{"rendered":"<div class=\"wpb-content-wrapper\"><p>[vc_row][vc_column]<!-- Section About Promo --><div class=\"section \" id=\"about-section\" ><div class=\"widget-about-promo\" data-background=\"https:\/\/www.nazcityhoteltaksim.com.tr\/wp-content\/uploads\/2018\/05\/shuttle.jpg\"><div class=\"wrapper-inner\"><div class=\"widget-inner\"><div class=\"row\"><div class=\"col-md-6\"><h5>7 \/ 24 LANZADERA GRATUITA<\/h5><h2>Shuttle<\/h2>Naz City Hotel Taksim ofrece a sus hu\u00e9spedes un servicio de traslado gratuito de ida y vuelta a Taksim con veh\u00edculos privados todos los d\u00edas entre las 07:00 y las 20:00.<a href=\"http:\/\/ninetheme.com\/themes\/grandium\/?page_id=148\"  class=\"btn\">LEARN MORE<\/a><\/div><\/div><\/div><\/div><\/div><\/div><!-- Section About Promo End -->[\/vc_column][\/vc_row][vc_row][vc_column][vc_raw_html]JTNDc3R5bGUlM0UlMEFhLmJ0biUyMCU3QiUwQSUyMCUyMCUyMCUyMGRpc3BsYXklM0ElMjBub25lJTNCJTBBJTdEJTBBJTBBLnBhZ2UtaGVhZGVyJTIwJTdCJTBBJTIwJTIwJTIwJTIwJTIwZGlzcGxheSUzQSUyMG5vbmUlM0IlMEElN0QlMEEud3BiX2NvbnRlbnRfZWxlbWVudCU3QmRpc3BsYXklM0Fub25lJTNCJTdEJTBBJTBBLmNvbC1tZC02JTdCJTBBcGFkZGluZy10b3AlM0ElMjAxMDBweCUzQiUwQSUyMCUyMCUyMCUyMHBhZGRpbmctYm90dG9tJTNBJTIwMTAwcHglM0IlMEElN0QlMEElMEEud2lkZ2V0LWFib3V0LXByb21vJTNBYWZ0ZXIlN0IlMEFiYWNrZ3JvdW5kJTNBJTIwbGluZWFyLWdyYWRpZW50JTI4dG8lMjByaWdodCUyQyUyMHJnYmElMjgyNDUlMkMyNDUlMkMyNDUlMkMxJTI5JTIwNTYlMjUlMkNyZ2JhJTI4MjU1JTJDMjU1JTJDMjU1JTJDMCUyOSUyMDE0MCUyNSUyOSUzQiUwQSU3RCUwQSUwQSU0MG1lZGlhJTIwJTI4bWF4LXdpZHRoJTNBJTIwNzY3cHglMjklN0IlMEEud2lkZ2V0LWFib3V0LXByb21vJTIwLndpZGdldC1pbm5lciUyMC5idG4lN0IlMEFkaXNwbGF5JTNBbm9uZSUzQiU3RCU3RCUwQSUzQyUyRnN0eWxlJTNF[\/vc_raw_html][\/vc_column][\/vc_row]<\/p>\n<\/div>","protected":false},"excerpt":{"rendered":"<p>[vc_row][vc_column][\/vc_column][\/vc_row][vc_row][vc_column][vc_raw_html]JTNDc3R5bGUlM0UlMEFhLmJ0biUyMCU3QiUwQSUyMCUyMCUyMCUyMGRpc3BsYXklM0ElMjBub25lJTNCJTBBJTdEJTBBJTBBLnBhZ2UtaGVhZGVyJTIwJTdCJTBBJTIwJTIwJTIwJTIwJTIwZGlzcGxheSUzQSUyMG5vbmUlM0IlMEElN0QlMEEud3BiX2NvbnRlbnRfZWxlbWVudCU3QmRpc3BsYXklM0Fub25lJTNCJTdEJTBBJTBBLmNvbC1tZC02JTdCJTBBcGFkZGluZy10b3AlM0ElMjAxMDBweCUzQiUwQSUyMCUyMCUyMCUyMHBhZGRpbmctYm90dG9tJTNBJTIwMTAwcHglM0IlMEElN0QlMEElMEEud2lkZ2V0LWFib3V0LXByb21vJTNBYWZ0ZXIlN0IlMEFiYWNrZ3JvdW5kJTNBJTIwbGluZWFyLWdyYWRpZW50JTI4dG8lMjByaWdodCUyQyUyMHJnYmElMjgyNDUlMkMyNDUlMkMyNDUlMkMxJTI5JTIwNTYlMjUlMkNyZ2JhJTI4MjU1JTJDMjU1JTJDMjU1JTJDMCUyOSUyMDE0MCUyNSUyOSUzQiUwQSU3RCUwQSUwQSU0MG1lZGlhJTIwJTI4bWF4LXdpZHRoJTNBJTIwNzY3cHglMjklN0IlMEEud2lkZ2V0LWFib3V0LXByb21vJTIwLndpZGdldC1pbm5lciUyMC5idG4lN0IlMEFkaXNwbGF5JTNBbm9uZSUzQiU3RCU3RCUwQSUzQyUyRnN0eWxlJTNF[\/vc_raw_html][\/vc_column][\/vc_row]<\/p>\n","protected":false},"author":2,"featured_media":0,"parent":0,"menu_order":0,"comment_status":"closed","ping_status":"closed","template":"fullwidth-page.php","meta":{"footnotes":""},"class_list":["post-1653","page","type-page","status-publish","hentry"],"_links":{"self":[{"href":"https:\/\/www.nazcityhoteltaksim.com.tr\/es\/wp-json\/wp\/v2\/pages\/1653","targetHints":{"allow":["GET"]}}],"collection":[{"href":"https:\/\/www.nazcityhoteltaksim.com.tr\/es\/wp-json\/wp\/v2\/pages"}],"about":[{"href":"https:\/\/www.nazcityhoteltaksim.com.tr\/es\/wp-json\/wp\/v2\/types\/page"}],"author":[{"embeddable":true,"href":"https:\/\/www.nazcityhoteltaksim.com.tr\/es\/wp-json\/wp\/v2\/users\/2"}],"replies":[{"embeddable":true,"href":"https:\/\/www.nazcityhoteltaksim.com.tr\/es\/wp-json\/wp\/v2\/comments?post=1653"}],"version-history":[{"count":6,"href":"https:\/\/www.nazcityhoteltaksim.com.tr\/es\/wp-json\/wp\/v2\/pages\/1653\/revisions"}],"predecessor-version":[{"id":3921,"href":"https:\/\/www.nazcityhoteltaksim.com.tr\/es\/wp-json\/wp\/v2\/pages\/1653\/revisions\/3921"}],"wp:attachment":[{"href":"https:\/\/www.nazcityhoteltaksim.com.tr\/es\/wp-json\/wp\/v2\/media?parent=1653"}],"curies":[{"name":"wp","href":"https:\/\/api.w.org\/{rel}","templated":true}]}}